{"id":297,"date":"2024-12-22T21:00:50","date_gmt":"2024-12-22T21:00:50","guid":{"rendered":"https:\/\/gliste.ba\/my-account\/"},"modified":"2024-12-29T10:49:08","modified_gmt":"2024-12-29T10:49:08","slug":"my-account","status":"publish","type":"page","link":"https:\/\/gliste.ba\/ba\/my-account\/","title":{"rendered":"Moj profil"},"content":{"rendered":"\t\t<div data-elementor-type=\"wp-page\" data-elementor-id=\"297\" class=\"elementor elementor-297\" data-elementor-post-type=\"page\">\n\t\t\t\t<div class=\"elementor-element elementor-element-271743a e-con-full e-flex e-con e-parent\" data-id=\"271743a\" data-element_type=\"container\" data-e-type=\"container\">\n\t\t\t\t<div class=\"elementor-element elementor-element-b56f50e e-my-account-tabs-horizontal elementor-widget elementor-widget-woocommerce-my-account\" data-id=\"b56f50e\" data-element_type=\"widget\" data-e-type=\"widget\" data-widget_type=\"woocommerce-my-account.default\">\n\t\t\t\t<div class=\"elementor-widget-container\">\n\t\t\t\t\t<div class=\"e-my-account-tab e-my-account-tab__ \">\t\t\t<div class=\"woocommerce\"><\/div>\t\t<\/div>\n\t\t\t\t\t\t<\/div>\n\t\t\t\t<\/div>\n\t\t\t\t<\/div>\n\t\t\t\t<\/div>\n\t\t","protected":false},"excerpt":{"rendered":"<p>MOJ PROFIL NARUD\u017dBE ADRESA POSTAVKE PROFILA ODJAVA MOJ PROFIL NARUD\u017dBE ADRESA POSTAVKE PROFILA ODJAVA Hello ACKECreativeStudio (not ACKECreativeStudio? Log out) From your account dashboard you can view your recent orders, manage your shipping and billing addresses, and edit your password and account details.<\/p>\n","protected":false},"author":1,"featured_media":37,"parent":0,"menu_order":0,"comment_status":"closed","ping_status":"closed","template":"","meta":{"_acf_changed":false,"footnotes":""},"class_list":["post-297","page","type-page","status-publish","has-post-thumbnail","hentry"],"acf":[],"yoast_head":"<!-- This site is optimized with the Yoast SEO plugin v27.2 - https:\/\/yoast.com\/product\/yoast-seo-wordpress\/ -->\n<title>Moj profil - Gliste.ba<\/title>\n<meta name=\"description\" content=\"Uredite svoj profil na Gliste.ba! Pratite narud\u017ebe, a\u017eurirajte informacije i u\u017eivajte u personaliziranom iskustvu kupovine.\" \/>\n<meta name=\"robots\" content=\"index, follow, max-snippet:-1, max-image-preview:large, max-video-preview:-1\" \/>\n<link rel=\"canonical\" href=\"https:\/\/gliste.ba\/ba\/my-account\/\" \/>\n<meta property=\"og:locale\" content=\"bs_BA\" \/>\n<meta property=\"og:type\" content=\"article\" \/>\n<meta property=\"og:title\" content=\"Moj profil - Gliste.ba\" \/>\n<meta property=\"og:description\" content=\"Uredite svoj profil na Gliste.ba! Pratite narud\u017ebe, a\u017eurirajte informacije i u\u017eivajte u personaliziranom iskustvu kupovine.\" \/>\n<meta property=\"og:url\" content=\"https:\/\/gliste.ba\/ba\/my-account\/\" \/>\n<meta property=\"og:site_name\" content=\"Gliste.ba\" \/>\n<meta property=\"article:publisher\" content=\"https:\/\/www.facebook.com\/profile.php?id=61566583448028\" \/>\n<meta property=\"article:modified_time\" content=\"2024-12-29T10:49:08+00:00\" \/>\n<meta property=\"og:image\" content=\"https:\/\/gliste.ba\/wp-content\/uploads\/2024\/12\/Gliste-Ba-Logo-scaled.jpg\" \/>\n\t<meta property=\"og:image:width\" content=\"2407\" \/>\n\t<meta property=\"og:image:height\" content=\"2560\" \/>\n\t<meta property=\"og:image:type\" content=\"image\/jpeg\" \/>\n<meta name=\"twitter:card\" content=\"summary_large_image\" \/>\n<meta name=\"twitter:site\" content=\"@glisteba\" \/>\n<meta name=\"twitter:label1\" content=\"Est. reading time\" \/>\n\t<meta name=\"twitter:data1\" content=\"1 minuta\" \/>\n<script type=\"application\/ld+json\" class=\"yoast-schema-graph\">{\"@context\":\"https:\/\/schema.org\",\"@graph\":[{\"@type\":\"WebPage\",\"@id\":\"https:\/\/gliste.ba\/my-account\/\",\"url\":\"https:\/\/gliste.ba\/my-account\/\",\"name\":\"Moj profil - Gliste.ba\",\"isPartOf\":{\"@id\":\"https:\/\/gliste.ba\/ba\/#website\"},\"primaryImageOfPage\":{\"@id\":\"https:\/\/gliste.ba\/my-account\/#primaryimage\"},\"image\":{\"@id\":\"https:\/\/gliste.ba\/my-account\/#primaryimage\"},\"thumbnailUrl\":\"https:\/\/gliste.ba\/wp-content\/uploads\/2024\/12\/Gliste-Ba-Logo-scaled.jpg\",\"datePublished\":\"2024-12-22T21:00:50+00:00\",\"dateModified\":\"2024-12-29T10:49:08+00:00\",\"description\":\"Uredite svoj profil na Gliste.ba! Pratite narud\u017ebe, a\u017eurirajte informacije i u\u017eivajte u personaliziranom iskustvu kupovine.\",\"breadcrumb\":{\"@id\":\"https:\/\/gliste.ba\/my-account\/#breadcrumb\"},\"inLanguage\":\"bs-BA\",\"potentialAction\":[{\"@type\":\"ReadAction\",\"target\":[\"https:\/\/gliste.ba\/my-account\/\"]}]},{\"@type\":\"ImageObject\",\"inLanguage\":\"bs-BA\",\"@id\":\"https:\/\/gliste.ba\/my-account\/#primaryimage\",\"url\":\"https:\/\/gliste.ba\/wp-content\/uploads\/2024\/12\/Gliste-Ba-Logo-scaled.jpg\",\"contentUrl\":\"https:\/\/gliste.ba\/wp-content\/uploads\/2024\/12\/Gliste-Ba-Logo-scaled.jpg\",\"width\":2407,\"height\":2560,\"caption\":\"Gliste.ba Logo\"},{\"@type\":\"BreadcrumbList\",\"@id\":\"https:\/\/gliste.ba\/my-account\/#breadcrumb\",\"itemListElement\":[{\"@type\":\"ListItem\",\"position\":1,\"name\":\"Home\",\"item\":\"https:\/\/gliste.ba\/\"},{\"@type\":\"ListItem\",\"position\":2,\"name\":\"Moj profil\"}]},{\"@type\":\"WebSite\",\"@id\":\"https:\/\/gliste.ba\/ba\/#website\",\"url\":\"https:\/\/gliste.ba\/ba\/\",\"name\":\"Gliste.ba\",\"description\":\"Proizvodnja i prodaja kalifornijskih glista i biohumusa\",\"publisher\":{\"@id\":\"https:\/\/gliste.ba\/ba\/#organization\"},\"potentialAction\":[{\"@type\":\"SearchAction\",\"target\":{\"@type\":\"EntryPoint\",\"urlTemplate\":\"https:\/\/gliste.ba\/ba\/?s={search_term_string}\"},\"query-input\":{\"@type\":\"PropertyValueSpecification\",\"valueRequired\":true,\"valueName\":\"search_term_string\"}}],\"inLanguage\":\"bs-BA\"},{\"@type\":\"Organization\",\"@id\":\"https:\/\/gliste.ba\/ba\/#organization\",\"name\":\"Gliste.ba\",\"url\":\"https:\/\/gliste.ba\/ba\/\",\"logo\":{\"@type\":\"ImageObject\",\"inLanguage\":\"bs-BA\",\"@id\":\"https:\/\/gliste.ba\/ba\/#\/schema\/logo\/image\/\",\"url\":\"https:\/\/gliste.ba\/wp-content\/uploads\/2024\/12\/Gliste-Ba-Logo-scaled.jpg\",\"contentUrl\":\"https:\/\/gliste.ba\/wp-content\/uploads\/2024\/12\/Gliste-Ba-Logo-scaled.jpg\",\"width\":2407,\"height\":2560,\"caption\":\"Gliste.ba\"},\"image\":{\"@id\":\"https:\/\/gliste.ba\/ba\/#\/schema\/logo\/image\/\"},\"sameAs\":[\"https:\/\/www.facebook.com\/profile.php?id=61566583448028\",\"https:\/\/x.com\/glisteba\"]}]}<\/script>\n<!-- \/ Yoast SEO plugin. -->","yoast_head_json":{"title":"Moj profil - Gliste.ba","description":"Uredite svoj profil na Gliste.ba! Pratite narud\u017ebe, a\u017eurirajte informacije i u\u017eivajte u personaliziranom iskustvu kupovine.","robots":{"index":"index","follow":"follow","max-snippet":"max-snippet:-1","max-image-preview":"max-image-preview:large","max-video-preview":"max-video-preview:-1"},"canonical":"https:\/\/gliste.ba\/ba\/my-account\/","og_locale":"bs_BA","og_type":"article","og_title":"Moj profil - Gliste.ba","og_description":"Uredite svoj profil na Gliste.ba! Pratite narud\u017ebe, a\u017eurirajte informacije i u\u017eivajte u personaliziranom iskustvu kupovine.","og_url":"https:\/\/gliste.ba\/ba\/my-account\/","og_site_name":"Gliste.ba","article_publisher":"https:\/\/www.facebook.com\/profile.php?id=61566583448028","article_modified_time":"2024-12-29T10:49:08+00:00","og_image":[{"width":2407,"height":2560,"url":"https:\/\/gliste.ba\/wp-content\/uploads\/2024\/12\/Gliste-Ba-Logo-scaled.jpg","type":"image\/jpeg"}],"twitter_card":"summary_large_image","twitter_site":"@glisteba","twitter_misc":{"Est. reading time":"1 minuta"},"schema":{"@context":"https:\/\/schema.org","@graph":[{"@type":"WebPage","@id":"https:\/\/gliste.ba\/my-account\/","url":"https:\/\/gliste.ba\/my-account\/","name":"Moj profil - Gliste.ba","isPartOf":{"@id":"https:\/\/gliste.ba\/ba\/#website"},"primaryImageOfPage":{"@id":"https:\/\/gliste.ba\/my-account\/#primaryimage"},"image":{"@id":"https:\/\/gliste.ba\/my-account\/#primaryimage"},"thumbnailUrl":"https:\/\/gliste.ba\/wp-content\/uploads\/2024\/12\/Gliste-Ba-Logo-scaled.jpg","datePublished":"2024-12-22T21:00:50+00:00","dateModified":"2024-12-29T10:49:08+00:00","description":"Uredite svoj profil na Gliste.ba! Pratite narud\u017ebe, a\u017eurirajte informacije i u\u017eivajte u personaliziranom iskustvu kupovine.","breadcrumb":{"@id":"https:\/\/gliste.ba\/my-account\/#breadcrumb"},"inLanguage":"bs-BA","potentialAction":[{"@type":"ReadAction","target":["https:\/\/gliste.ba\/my-account\/"]}]},{"@type":"ImageObject","inLanguage":"bs-BA","@id":"https:\/\/gliste.ba\/my-account\/#primaryimage","url":"https:\/\/gliste.ba\/wp-content\/uploads\/2024\/12\/Gliste-Ba-Logo-scaled.jpg","contentUrl":"https:\/\/gliste.ba\/wp-content\/uploads\/2024\/12\/Gliste-Ba-Logo-scaled.jpg","width":2407,"height":2560,"caption":"Gliste.ba Logo"},{"@type":"BreadcrumbList","@id":"https:\/\/gliste.ba\/my-account\/#breadcrumb","itemListElement":[{"@type":"ListItem","position":1,"name":"Home","item":"https:\/\/gliste.ba\/"},{"@type":"ListItem","position":2,"name":"Moj profil"}]},{"@type":"WebSite","@id":"https:\/\/gliste.ba\/ba\/#website","url":"https:\/\/gliste.ba\/ba\/","name":"Gliste.ba","description":"Proizvodnja i prodaja kalifornijskih glista i biohumusa","publisher":{"@id":"https:\/\/gliste.ba\/ba\/#organization"},"potentialAction":[{"@type":"SearchAction","target":{"@type":"EntryPoint","urlTemplate":"https:\/\/gliste.ba\/ba\/?s={search_term_string}"},"query-input":{"@type":"PropertyValueSpecification","valueRequired":true,"valueName":"search_term_string"}}],"inLanguage":"bs-BA"},{"@type":"Organization","@id":"https:\/\/gliste.ba\/ba\/#organization","name":"Gliste.ba","url":"https:\/\/gliste.ba\/ba\/","logo":{"@type":"ImageObject","inLanguage":"bs-BA","@id":"https:\/\/gliste.ba\/ba\/#\/schema\/logo\/image\/","url":"https:\/\/gliste.ba\/wp-content\/uploads\/2024\/12\/Gliste-Ba-Logo-scaled.jpg","contentUrl":"https:\/\/gliste.ba\/wp-content\/uploads\/2024\/12\/Gliste-Ba-Logo-scaled.jpg","width":2407,"height":2560,"caption":"Gliste.ba"},"image":{"@id":"https:\/\/gliste.ba\/ba\/#\/schema\/logo\/image\/"},"sameAs":["https:\/\/www.facebook.com\/profile.php?id=61566583448028","https:\/\/x.com\/glisteba"]}]}},"_links":{"self":[{"href":"https:\/\/gliste.ba\/ba\/wp-json\/wp\/v2\/pages\/297","targetHints":{"allow":["GET"]}}],"collection":[{"href":"https:\/\/gliste.ba\/ba\/wp-json\/wp\/v2\/pages"}],"about":[{"href":"https:\/\/gliste.ba\/ba\/wp-json\/wp\/v2\/types\/page"}],"author":[{"embeddable":true,"href":"https:\/\/gliste.ba\/ba\/wp-json\/wp\/v2\/users\/1"}],"replies":[{"embeddable":true,"href":"https:\/\/gliste.ba\/ba\/wp-json\/wp\/v2\/comments?post=297"}],"version-history":[{"count":0,"href":"https:\/\/gliste.ba\/ba\/wp-json\/wp\/v2\/pages\/297\/revisions"}],"wp:featuredmedia":[{"embeddable":true,"href":"https:\/\/gliste.ba\/ba\/wp-json\/wp\/v2\/media\/37"}],"wp:attachment":[{"href":"https:\/\/gliste.ba\/ba\/wp-json\/wp\/v2\/media?parent=297"}],"curies":[{"name":"wp","href":"https:\/\/api.w.org\/{rel}","templated":true}]}}