{"id":274,"date":"2024-12-22T17:39:23","date_gmt":"2024-12-22T17:39:23","guid":{"rendered":"https:\/\/gliste.ba\/?page_id=274"},"modified":"2024-12-29T10:48:01","modified_gmt":"2024-12-29T10:48:01","slug":"uslovi-koristenja","status":"publish","type":"page","link":"https:\/\/gliste.ba\/en\/uslovi-koristenja\/","title":{"rendered":"Terms of use"},"content":{"rendered":"<div data-elementor-type=\"wp-page\" data-elementor-id=\"274\" class=\"elementor elementor-274\" data-elementor-post-type=\"page\">\n\t\t\t\t<div class=\"elementor-element elementor-element-1cdebac e-con-full e-flex e-con e-parent\" data-id=\"1cdebac\" data-element_type=\"container\" data-e-type=\"container\">\n\t\t<div class=\"elementor-element elementor-element-9c681b1 e-con-full e-flex e-con e-child\" data-id=\"9c681b1\" data-element_type=\"container\" data-e-type=\"container\">\n\t\t\t\t<div class=\"elementor-element elementor-element-2d0e255 elementor-icon-list--layout-traditional elementor-list-item-link-full_width elementor-widget elementor-widget-icon-list\" data-id=\"2d0e255\" data-element_type=\"widget\" data-e-type=\"widget\" data-widget_type=\"icon-list.default\">\n\t\t\t\t<div class=\"elementor-widget-container\">\n\t\t\t\t\t\t\t<ul class=\"elementor-icon-list-items\">\n\t\t\t\t\t\t\t<li class=\"elementor-icon-list-item\">\n\t\t\t\t\t\t\t\t\t\t\t<span class=\"elementor-icon-list-icon\">\n\t\t\t\t\t\t\t<svg xmlns=\"http:\/\/www.w3.org\/2000\/svg\" xmlns:xlink=\"http:\/\/www.w3.org\/1999\/xlink\" fill=\"#ffffff\" id=\"Capa_1\" width=\"800px\" height=\"800px\" viewbox=\"0 0 64.505 64.505\" xml:space=\"preserve\" stroke=\"#ffffff\"><g id=\"SVGRepo_bgCarrier\" stroke-width=\"0\"><\/g><g id=\"SVGRepo_tracerCarrier\" stroke-linecap=\"round\" stroke-linejoin=\"round\"><\/g><g id=\"SVGRepo_iconCarrier\"> <g> <g> <path d=\"M62.961,35.908c-0.906-1.877-2.271-3.925-4.316-6.192c-2.146-2.38-3.84-4.259-3.84-11.831V7.771 c0-3.163-2.572-5.735-5.736-5.735c-3.162,0-5.735,2.573-5.733,5.67c-0.037,0.563-0.89,13.833,0.019,18.343 c0.295,1.47,0.991,3.328,1.832,5.289c0.002,0.005,0.004,0.01,0.006,0.014c0.736,1.713,1.582,3.502,2.381,5.191 c0.674,1.421,1.311,2.765,1.752,3.81c0.863,2.043,2.045,4.841-0.945,7.694c-0.702,0.669-1.604,1.009-2.684,1.009l0,0 c-0.18,0-0.361-0.014-0.545-0.031c-0.004-0.002-0.008-0.004-0.012-0.004c-0.006,0-0.012,0.002-0.018,0.002 c-2.074-0.223-4.305-1.607-5.653-3.655c-0.015-0.026-0.028-0.049-0.045-0.073c-0.647-1.007-1.086-2.167-1.19-3.427 c-0.119-1.442-0.223-3.656-0.332-5.999c-0.312-6.612-0.559-11.048-1.125-12.428c-3.637-8.843-9.247-13.327-16.674-13.327 c-8.936,0-17.128,6.646-17.552,6.995c-1.087,0.728-1.864,1.783-2.257,2.983c-0.057,0.059-0.119,0.11-0.161,0.184 c-0.146,0.256-0.159,0.546-0.074,0.806C0.022,21.339,0,21.603,0,21.868c0,3.163,2.573,5.736,5.736,5.736 c1.403,0,2.75-0.518,3.807-1.462c4.282-2.908,7.891-4.383,10.726-4.383c2.008,0,3.416,0.768,4.404,1.831 c0.005,0.005,0.009,0.011,0.014,0.016c1.255,1.359,1.829,3.194,2.089,4.525c0.695,3.559,0.372,10.282,0.136,15.191 c-0.06,1.251-0.115,2.387-0.146,3.331l-0.014,0.399c-0.189,5.373-0.474,13.493,16.216,15.213c0.293,0.03,0.574,0.045,0.862,0.068 c0.011,0.001,0.021,0.01,0.031,0.01c0.033,0.004,0.065,0.004,0.098,0.004c0.005,0,0.01-0.002,0.015-0.002 c0.941,0.073,1.863,0.123,2.729,0.123l0,0c4.256,0,7.363-0.896,9.673-2.279c0.039-0.017,0.079-0.026,0.116-0.047 c0.037-0.021,0.059-0.056,0.092-0.08c4.715-2.947,5.979-7.974,6.846-11.439l0.204-0.811c0.799-3.149,1.722-6.86-0.614-11.787 C62.996,35.988,62.986,35.943,62.961,35.908z M49.381,35.687c-0.573-1.207-1.195-2.523-1.781-3.83l9.862-0.452 c1.392,1.582,2.431,3.027,3.19,4.365l-10.238,2.115C50.095,37.198,49.744,36.456,49.381,35.687z M45.168,10.795l7.636-1.044v4.843 l-7.825,1.324C45.025,14.034,45.099,12.229,45.168,10.795z M44.943,17.954l7.861-1.331v1.262c0,1.43,0.066,2.672,0.182,3.78 l-7.924,1.901C44.947,21.976,44.922,19.983,44.943,17.954z M45.312,25.656c-0.005-0.028-0.01-0.061-0.016-0.089l7.975-1.914 c0.53,2.778,1.463,4.454,2.537,5.827l-9.059,0.415C46.086,28.296,45.544,26.802,45.312,25.656z M51.242,39.757l10.32-2.133 c1.135,2.75,1.096,5.038,0.709,7.162l-9.98-0.715C52.296,42.371,51.705,40.859,51.242,39.757z M49.068,4.037 c2.047,0,3.711,1.656,3.732,3.697l-7.525,1.029c0.033-0.599,0.057-0.959,0.059-0.991C45.333,5.711,47.008,4.037,49.068,4.037z M43.055,60.263c-4.175-0.439-7.146-1.272-9.257-2.357l7.121-8.363c0.966,0.619,2.004,1.062,3.041,1.303L43.055,60.263z M35.167,25.291c0.204,1.363,0.366,3.65,0.502,6.059l-6.506,1.082c-0.042-1.45-0.132-2.796-0.299-3.934L35.167,25.291z M29.192,34.453l6.583-1.094c0.045,0.896,0.086,1.777,0.125,2.604c0.037,0.754,0.07,1.492,0.105,2.199l-6.909,0.943 C29.153,37.56,29.192,35.978,29.192,34.453z M28.907,43.417c0.035-0.727,0.071-1.494,0.106-2.281l7.099-0.971 c0.041,0.7,0.082,1.333,0.125,1.866c0.09,1.087,0.375,2.102,0.791,3.036l-8.25,1.22C28.811,45.443,28.857,44.476,28.907,43.417z M34.555,23.357l-6.132,3.119c-0.334-1.136-0.896-2.506-1.836-3.718l3.081-6.774C31.561,17.804,33.191,20.271,34.555,23.357z M28.074,14.66l-3.003,6.603c-0.95-0.71-2.129-1.238-3.602-1.425l-2.555-7.67c0.395-0.028,0.79-0.053,1.187-0.053 C23.088,12.114,25.747,12.973,28.074,14.66z M14.169,21.25l-5.791-5.605c2.315-1.292,5.312-2.631,8.515-3.219l2.46,7.387 C17.781,19.949,16.048,20.432,14.169,21.25z M3.724,18.729c0.058-0.038,0.112-0.081,0.16-0.128 c0.258-0.205,1.243-0.967,2.713-1.897l5.651,5.47c-1.064,0.562-2.169,1.221-3.315,1.979l-6.615-3.777 C2.611,19.713,3.09,19.138,3.724,18.729z M2.067,22.534l4.956,2.83c-0.41,0.154-0.843,0.241-1.287,0.241 C3.903,25.604,2.382,24.275,2.067,22.534z M28.714,48.318l9.407-1.391c0.369,0.498,0.779,0.959,1.223,1.377l-7.263,8.531 C28.936,54.445,28.658,51.261,28.714,48.318z M46.701,60.468c-0.532,0-1.086-0.017-1.652-0.046l0.9-9.388 c1.304-0.051,2.468-0.477,3.42-1.235l5.242,9.087C52.654,59.866,50.099,60.468,46.701,60.468z M61.488,48.138 c-0.804,3.209-1.793,7.147-5.174,9.696l-5.498-9.532c0.569-0.755,0.949-1.509,1.178-2.246l9.841,0.705 c-0.048,0.187-0.093,0.373-0.142,0.56L61.488,48.138z\"><\/path> <\/g> <\/g> <\/g><\/svg>\t\t\t\t\t\t<\/span>\n\t\t\t\t\t\t\t\t\t\t<span class=\"elementor-icon-list-text\">GLISTE.BA<\/span>\n\t\t\t\t\t\t\t\t\t<\/li>\n\t\t\t\t\t\t<\/ul>\n\t\t\t\t\t\t<\/div>\n\t\t\t\t<\/div>\n\t\t\t\t<div class=\"elementor-element elementor-element-2baa9d3 elementor-widget elementor-widget-heading\" data-id=\"2baa9d3\" data-element_type=\"widget\" data-e-type=\"widget\" data-widget_type=\"heading.default\">\n\t\t\t\t<div class=\"elementor-widget-container\">\n\t\t\t\t\t<h2 class=\"elementor-heading-title elementor-size-default\">Terms of Use<\/h2>\t\t\t\t<\/div>\n\t\t\t\t<\/div>\n\t\t\t\t<div class=\"elementor-element elementor-element-1dc89a3 elementor-widget__width-initial elementor-widget elementor-widget-text-editor\" data-id=\"1dc89a3\" data-element_type=\"widget\" data-e-type=\"widget\" data-widget_type=\"text-editor.default\">\n\t\t\t\t<div class=\"elementor-widget-container\">\n\t\t\t\t\t\t\t\t\t<p data-pm-slice=\"1 1 []\">Welcome to the Gliste.ba website. By using this site, you agree to the following terms of use:<\/p>\t\t\t\t\t\t\t\t<\/div>\n\t\t\t\t<\/div>\n\t\t<div class=\"elementor-element elementor-element-11fccdc e-con-full e-flex e-con e-child\" data-id=\"11fccdc\" data-element_type=\"container\" data-e-type=\"container\">\n\t\t\t\t<div class=\"elementor-element elementor-element-1890f8d elementor-widget elementor-widget-heading\" data-id=\"1890f8d\" data-element_type=\"widget\" data-e-type=\"widget\" data-widget_type=\"heading.default\">\n\t\t\t\t<div class=\"elementor-widget-container\">\n\t\t\t\t\t<h3 class=\"elementor-heading-title elementor-size-default\">1. Acceptance of terms and conditions<\/h3>\t\t\t\t<\/div>\n\t\t\t\t<\/div>\n\t\t\t\t<div class=\"elementor-element elementor-element-ebaf53b elementor-widget__width-initial elementor-widget elementor-widget-text-editor\" data-id=\"ebaf53b\" data-element_type=\"widget\" data-e-type=\"widget\" data-widget_type=\"text-editor.default\">\n\t\t\t\t<div class=\"elementor-widget-container\">\n\t\t\t\t\t\t\t\t\t<p data-pm-slice=\"1 1 []\">By accessing and using this website, you agree to be bound by these terms of use. If you do not agree to any part of the terms, please do not use this site.<\/p>\t\t\t\t\t\t\t\t<\/div>\n\t\t\t\t<\/div>\n\t\t\t\t<\/div>\n\t\t<div class=\"elementor-element elementor-element-8e78cbd e-con-full e-flex e-con e-child\" data-id=\"8e78cbd\" data-element_type=\"container\" data-e-type=\"container\">\n\t\t\t\t<div class=\"elementor-element elementor-element-4149056 elementor-widget elementor-widget-heading\" data-id=\"4149056\" data-element_type=\"widget\" data-e-type=\"widget\" data-widget_type=\"heading.default\">\n\t\t\t\t<div class=\"elementor-widget-container\">\n\t\t\t\t\t<h3 class=\"elementor-heading-title elementor-size-default\">2. Ownership rights<\/h3>\t\t\t\t<\/div>\n\t\t\t\t<\/div>\n\t\t\t\t<div class=\"elementor-element elementor-element-5bcd7d2 elementor-widget__width-initial elementor-widget elementor-widget-text-editor\" data-id=\"5bcd7d2\" data-element_type=\"widget\" data-e-type=\"widget\" data-widget_type=\"text-editor.default\">\n\t\t\t\t<div class=\"elementor-widget-container\">\n\t\t\t\t\t\t\t\t\t<p data-pm-slice=\"1 1 []\">All content on this website, including text, images, logos and graphics, is the property of Gliste.ba or is used under an appropriate license. Copying, distribution or other use without prior permission is prohibited.<\/p>\t\t\t\t\t\t\t\t<\/div>\n\t\t\t\t<\/div>\n\t\t\t\t<\/div>\n\t\t<div class=\"elementor-element elementor-element-87cd1c1 e-con-full e-flex e-con e-child\" data-id=\"87cd1c1\" data-element_type=\"container\" data-e-type=\"container\">\n\t\t\t\t<div class=\"elementor-element elementor-element-5bc43c1 elementor-widget elementor-widget-heading\" data-id=\"5bc43c1\" data-element_type=\"widget\" data-e-type=\"widget\" data-widget_type=\"heading.default\">\n\t\t\t\t<div class=\"elementor-widget-container\">\n\t\t\t\t\t<h3 class=\"elementor-heading-title elementor-size-default\">3. Using the site<\/h3>\t\t\t\t<\/div>\n\t\t\t\t<\/div>\n\t\t\t\t<div class=\"elementor-element elementor-element-c95b622 elementor-widget__width-initial elementor-widget elementor-widget-text-editor\" data-id=\"c95b622\" data-element_type=\"widget\" data-e-type=\"widget\" data-widget_type=\"text-editor.default\">\n\t\t\t\t<div class=\"elementor-widget-container\">\n\t\t\t\t\t\t\t\t\t<p data-pm-slice=\"1 1 []\">This site is intended for informational and commercial purposes. It is prohibited to use the site in a manner that may cause harm to the site, its users, or violate its integrity.<\/p>\t\t\t\t\t\t\t\t<\/div>\n\t\t\t\t<\/div>\n\t\t\t\t<\/div>\n\t\t<div class=\"elementor-element elementor-element-8316cd0 e-con-full e-flex e-con e-child\" data-id=\"8316cd0\" data-element_type=\"container\" data-e-type=\"container\">\n\t\t\t\t<div class=\"elementor-element elementor-element-5c56702 elementor-widget elementor-widget-heading\" data-id=\"5c56702\" data-element_type=\"widget\" data-e-type=\"widget\" data-widget_type=\"heading.default\">\n\t\t\t\t<div class=\"elementor-widget-container\">\n\t\t\t\t\t<h3 class=\"elementor-heading-title elementor-size-default\">4. Responsibility<\/h3>\t\t\t\t<\/div>\n\t\t\t\t<\/div>\n\t\t\t\t<div class=\"elementor-element elementor-element-a071ccf elementor-widget__width-initial elementor-widget elementor-widget-text-editor\" data-id=\"a071ccf\" data-element_type=\"widget\" data-e-type=\"widget\" data-widget_type=\"text-editor.default\">\n\t\t\t\t<div class=\"elementor-widget-container\">\n\t\t\t\t\t\t\t\t\t<p data-pm-slice=\"1 1 []\">Gliste.ba is not responsible for any damage caused by using the site or the information it contains. Users access the site at their own risk.<\/p>\t\t\t\t\t\t\t\t<\/div>\n\t\t\t\t<\/div>\n\t\t\t\t<\/div>\n\t\t<div class=\"elementor-element elementor-element-83ae7e5 e-con-full e-flex e-con e-child\" data-id=\"83ae7e5\" data-element_type=\"container\" data-e-type=\"container\">\n\t\t\t\t<div class=\"elementor-element elementor-element-0d52870 elementor-widget elementor-widget-heading\" data-id=\"0d52870\" data-element_type=\"widget\" data-e-type=\"widget\" data-widget_type=\"heading.default\">\n\t\t\t\t<div class=\"elementor-widget-container\">\n\t\t\t\t\t<h3 class=\"elementor-heading-title elementor-size-default\">5. Links to third parties<\/h3>\t\t\t\t<\/div>\n\t\t\t\t<\/div>\n\t\t\t\t<div class=\"elementor-element elementor-element-1d323d2 elementor-widget__width-initial elementor-widget elementor-widget-text-editor\" data-id=\"1d323d2\" data-element_type=\"widget\" data-e-type=\"widget\" data-widget_type=\"text-editor.default\">\n\t\t\t\t<div class=\"elementor-widget-container\">\n\t\t\t\t\t\t\t\t\t<p data-pm-slice=\"1 1 []\">Our site may contain links to external websites. Gliste.ba is not responsible for the content or accuracy of information on those sites.<\/p>\t\t\t\t\t\t\t\t<\/div>\n\t\t\t\t<\/div>\n\t\t\t\t<\/div>\n\t\t<div class=\"elementor-element elementor-element-521e801 e-con-full e-flex e-con e-child\" data-id=\"521e801\" data-element_type=\"container\" data-e-type=\"container\">\n\t\t\t\t<div class=\"elementor-element elementor-element-2aa9107 elementor-widget elementor-widget-heading\" data-id=\"2aa9107\" data-element_type=\"widget\" data-e-type=\"widget\" data-widget_type=\"heading.default\">\n\t\t\t\t<div class=\"elementor-widget-container\">\n\t\t\t\t\t<h3 class=\"elementor-heading-title elementor-size-default\">6. Changes to the terms and conditions<\/h3>\t\t\t\t<\/div>\n\t\t\t\t<\/div>\n\t\t\t\t<div class=\"elementor-element elementor-element-cbd8cb6 elementor-widget__width-initial elementor-widget elementor-widget-text-editor\" data-id=\"cbd8cb6\" data-element_type=\"widget\" data-e-type=\"widget\" data-widget_type=\"text-editor.default\">\n\t\t\t\t<div class=\"elementor-widget-container\">\n\t\t\t\t\t\t\t\t\t<p data-pm-slice=\"1 1 []\">We reserve the right to change these terms of use at any time. We recommend that you check this page periodically for the latest information.<\/p>\t\t\t\t\t\t\t\t<\/div>\n\t\t\t\t<\/div>\n\t\t\t\t<\/div>\n\t\t<div class=\"elementor-element elementor-element-0f5c6b5 e-con-full e-flex e-con e-child\" data-id=\"0f5c6b5\" data-element_type=\"container\" data-e-type=\"container\">\n\t\t\t\t<div class=\"elementor-element elementor-element-9b6c25f elementor-widget elementor-widget-heading\" data-id=\"9b6c25f\" data-element_type=\"widget\" data-e-type=\"widget\" data-widget_type=\"heading.default\">\n\t\t\t\t<div class=\"elementor-widget-container\">\n\t\t\t\t\t<h3 class=\"elementor-heading-title elementor-size-default\">Contact<\/h3>\t\t\t\t<\/div>\n\t\t\t\t<\/div>\n\t\t\t\t<div class=\"elementor-element elementor-element-1524eb0 elementor-widget__width-initial elementor-widget elementor-widget-text-editor\" data-id=\"1524eb0\" data-element_type=\"widget\" data-e-type=\"widget\" data-widget_type=\"text-editor.default\">\n\t\t\t\t<div class=\"elementor-widget-container\">\n\t\t\t\t\t\t\t\t\t<p data-pm-slice=\"1 1 []\">If you have any questions regarding these terms of use, please contact us via email. <a href=\"mailto:info@glista.ba\">info@glista.ba<\/a>.<\/p>\t\t\t\t\t\t\t\t<\/div>\n\t\t\t\t<\/div>\n\t\t\t\t<\/div>\n\t\t\t\t<\/div>\n\t\t\t\t<\/div>\n\t\t\t\t<\/div>","protected":false},"excerpt":{"rendered":"<p>GLISTE.BA Uslovi Kori\u0161tenja Dobrodo\u0161li na web stranicu Gliste.ba. Kori\u0161tenjem ove stranice prihvatate sljede\u0107e uslove kori\u0161tenja: 1. Prihvatanje uslova Pristupanjem i kori\u0161tenjem ove web stranice sla\u017eete se da \u0107ete po\u0161tovati ove uslove kori\u0161tenja. Ako se ne sla\u017eete s bilo kojim dijelom uslova, molimo vas da ne koristite ovu stranicu. 2. Prava vlasni\u0161tva Sav sadr\u017eaj na ovoj [&hellip;]<\/p>\n","protected":false},"author":1,"featured_media":37,"parent":0,"menu_order":0,"comment_status":"closed","ping_status":"closed","template":"elementor_header_footer","meta":{"_acf_changed":false,"footnotes":""},"class_list":["post-274","page","type-page","status-publish","has-post-thumbnail","hentry"],"acf":[],"yoast_head":"<!-- This site is optimized with the Yoast SEO plugin v27.2 - https:\/\/yoast.com\/product\/yoast-seo-wordpress\/ -->\n<title>Uslovi kori\u0161tenja - Gliste.ba<\/title>\n<meta name=\"description\" content=\"Pro\u010ditajte Uslove kori\u0161tenja na Gliste.ba i saznajte vi\u0161e o pravilima kupovine, za\u0161titi podataka i va\u0161im pravima.\" \/>\n<meta name=\"robots\" content=\"index, follow, max-snippet:-1, max-image-preview:large, max-video-preview:-1\" \/>\n<link rel=\"canonical\" href=\"https:\/\/gliste.ba\/en\/uslovi-koristenja\/\" \/>\n<meta property=\"og:locale\" content=\"en_US\" \/>\n<meta property=\"og:type\" content=\"article\" \/>\n<meta property=\"og:title\" content=\"Uslovi kori\u0161tenja - Gliste.ba\" \/>\n<meta property=\"og:description\" content=\"Pro\u010ditajte Uslove kori\u0161tenja na Gliste.ba i saznajte vi\u0161e o pravilima kupovine, za\u0161titi podataka i va\u0161im pravima.\" \/>\n<meta property=\"og:url\" content=\"https:\/\/gliste.ba\/en\/uslovi-koristenja\/\" \/>\n<meta property=\"og:site_name\" content=\"Gliste.ba\" \/>\n<meta property=\"article:publisher\" content=\"https:\/\/www.facebook.com\/profile.php?id=61566583448028\" \/>\n<meta property=\"article:modified_time\" content=\"2024-12-29T10:48:01+00:00\" \/>\n<meta property=\"og:image\" content=\"https:\/\/gliste.ba\/wp-content\/uploads\/2024\/12\/Gliste-Ba-Logo-scaled.jpg\" \/>\n\t<meta property=\"og:image:width\" content=\"2407\" \/>\n\t<meta property=\"og:image:height\" content=\"2560\" \/>\n\t<meta property=\"og:image:type\" content=\"image\/jpeg\" \/>\n<meta name=\"twitter:card\" content=\"summary_large_image\" \/>\n<meta name=\"twitter:site\" content=\"@glisteba\" \/>\n<meta name=\"twitter:label1\" content=\"Est. reading time\" \/>\n\t<meta name=\"twitter:data1\" content=\"2 minutes\" \/>\n<script type=\"application\/ld+json\" class=\"yoast-schema-graph\">{\"@context\":\"https:\/\/schema.org\",\"@graph\":[{\"@type\":\"WebPage\",\"@id\":\"https:\/\/gliste.ba\/uslovi-koristenja\/\",\"url\":\"https:\/\/gliste.ba\/uslovi-koristenja\/\",\"name\":\"Uslovi kori\u0161tenja - Gliste.ba\",\"isPartOf\":{\"@id\":\"https:\/\/gliste.ba\/ba\/#website\"},\"primaryImageOfPage\":{\"@id\":\"https:\/\/gliste.ba\/uslovi-koristenja\/#primaryimage\"},\"image\":{\"@id\":\"https:\/\/gliste.ba\/uslovi-koristenja\/#primaryimage\"},\"thumbnailUrl\":\"https:\/\/gliste.ba\/wp-content\/uploads\/2024\/12\/Gliste-Ba-Logo-scaled.jpg\",\"datePublished\":\"2024-12-22T17:39:23+00:00\",\"dateModified\":\"2024-12-29T10:48:01+00:00\",\"description\":\"Pro\u010ditajte Uslove kori\u0161tenja na Gliste.ba i saznajte vi\u0161e o pravilima kupovine, za\u0161titi podataka i va\u0161im pravima.\",\"breadcrumb\":{\"@id\":\"https:\/\/gliste.ba\/uslovi-koristenja\/#breadcrumb\"},\"inLanguage\":\"en-US\",\"potentialAction\":[{\"@type\":\"ReadAction\",\"target\":[\"https:\/\/gliste.ba\/uslovi-koristenja\/\"]}]},{\"@type\":\"ImageObject\",\"inLanguage\":\"en-US\",\"@id\":\"https:\/\/gliste.ba\/uslovi-koristenja\/#primaryimage\",\"url\":\"https:\/\/gliste.ba\/wp-content\/uploads\/2024\/12\/Gliste-Ba-Logo-scaled.jpg\",\"contentUrl\":\"https:\/\/gliste.ba\/wp-content\/uploads\/2024\/12\/Gliste-Ba-Logo-scaled.jpg\",\"width\":2407,\"height\":2560,\"caption\":\"Gliste.ba Logo\"},{\"@type\":\"BreadcrumbList\",\"@id\":\"https:\/\/gliste.ba\/uslovi-koristenja\/#breadcrumb\",\"itemListElement\":[{\"@type\":\"ListItem\",\"position\":1,\"name\":\"Home\",\"item\":\"https:\/\/gliste.ba\/\"},{\"@type\":\"ListItem\",\"position\":2,\"name\":\"Uslovi kori\u0161tenja\"}]},{\"@type\":\"WebSite\",\"@id\":\"https:\/\/gliste.ba\/ba\/#website\",\"url\":\"https:\/\/gliste.ba\/ba\/\",\"name\":\"Gliste.ba\",\"description\":\"Proizvodnja i prodaja kalifornijskih glista i biohumusa\",\"publisher\":{\"@id\":\"https:\/\/gliste.ba\/ba\/#organization\"},\"potentialAction\":[{\"@type\":\"SearchAction\",\"target\":{\"@type\":\"EntryPoint\",\"urlTemplate\":\"https:\/\/gliste.ba\/ba\/?s={search_term_string}\"},\"query-input\":{\"@type\":\"PropertyValueSpecification\",\"valueRequired\":true,\"valueName\":\"search_term_string\"}}],\"inLanguage\":\"en-US\"},{\"@type\":\"Organization\",\"@id\":\"https:\/\/gliste.ba\/ba\/#organization\",\"name\":\"Gliste.ba\",\"url\":\"https:\/\/gliste.ba\/ba\/\",\"logo\":{\"@type\":\"ImageObject\",\"inLanguage\":\"en-US\",\"@id\":\"https:\/\/gliste.ba\/ba\/#\/schema\/logo\/image\/\",\"url\":\"https:\/\/gliste.ba\/wp-content\/uploads\/2024\/12\/Gliste-Ba-Logo-scaled.jpg\",\"contentUrl\":\"https:\/\/gliste.ba\/wp-content\/uploads\/2024\/12\/Gliste-Ba-Logo-scaled.jpg\",\"width\":2407,\"height\":2560,\"caption\":\"Gliste.ba\"},\"image\":{\"@id\":\"https:\/\/gliste.ba\/ba\/#\/schema\/logo\/image\/\"},\"sameAs\":[\"https:\/\/www.facebook.com\/profile.php?id=61566583448028\",\"https:\/\/x.com\/glisteba\"]}]}<\/script>\n<!-- \/ Yoast SEO plugin. -->","yoast_head_json":{"title":"Uslovi kori\u0161tenja - Gliste.ba","description":"Pro\u010ditajte Uslove kori\u0161tenja na Gliste.ba i saznajte vi\u0161e o pravilima kupovine, za\u0161titi podataka i va\u0161im pravima.","robots":{"index":"index","follow":"follow","max-snippet":"max-snippet:-1","max-image-preview":"max-image-preview:large","max-video-preview":"max-video-preview:-1"},"canonical":"https:\/\/gliste.ba\/en\/uslovi-koristenja\/","og_locale":"en_US","og_type":"article","og_title":"Uslovi kori\u0161tenja - Gliste.ba","og_description":"Pro\u010ditajte Uslove kori\u0161tenja na Gliste.ba i saznajte vi\u0161e o pravilima kupovine, za\u0161titi podataka i va\u0161im pravima.","og_url":"https:\/\/gliste.ba\/en\/uslovi-koristenja\/","og_site_name":"Gliste.ba","article_publisher":"https:\/\/www.facebook.com\/profile.php?id=61566583448028","article_modified_time":"2024-12-29T10:48:01+00:00","og_image":[{"width":2407,"height":2560,"url":"https:\/\/gliste.ba\/wp-content\/uploads\/2024\/12\/Gliste-Ba-Logo-scaled.jpg","type":"image\/jpeg"}],"twitter_card":"summary_large_image","twitter_site":"@glisteba","twitter_misc":{"Est. reading time":"2 minutes"},"schema":{"@context":"https:\/\/schema.org","@graph":[{"@type":"WebPage","@id":"https:\/\/gliste.ba\/uslovi-koristenja\/","url":"https:\/\/gliste.ba\/uslovi-koristenja\/","name":"Uslovi kori\u0161tenja - Gliste.ba","isPartOf":{"@id":"https:\/\/gliste.ba\/ba\/#website"},"primaryImageOfPage":{"@id":"https:\/\/gliste.ba\/uslovi-koristenja\/#primaryimage"},"image":{"@id":"https:\/\/gliste.ba\/uslovi-koristenja\/#primaryimage"},"thumbnailUrl":"https:\/\/gliste.ba\/wp-content\/uploads\/2024\/12\/Gliste-Ba-Logo-scaled.jpg","datePublished":"2024-12-22T17:39:23+00:00","dateModified":"2024-12-29T10:48:01+00:00","description":"Pro\u010ditajte Uslove kori\u0161tenja na Gliste.ba i saznajte vi\u0161e o pravilima kupovine, za\u0161titi podataka i va\u0161im pravima.","breadcrumb":{"@id":"https:\/\/gliste.ba\/uslovi-koristenja\/#breadcrumb"},"inLanguage":"en-US","potentialAction":[{"@type":"ReadAction","target":["https:\/\/gliste.ba\/uslovi-koristenja\/"]}]},{"@type":"ImageObject","inLanguage":"en-US","@id":"https:\/\/gliste.ba\/uslovi-koristenja\/#primaryimage","url":"https:\/\/gliste.ba\/wp-content\/uploads\/2024\/12\/Gliste-Ba-Logo-scaled.jpg","contentUrl":"https:\/\/gliste.ba\/wp-content\/uploads\/2024\/12\/Gliste-Ba-Logo-scaled.jpg","width":2407,"height":2560,"caption":"Gliste.ba Logo"},{"@type":"BreadcrumbList","@id":"https:\/\/gliste.ba\/uslovi-koristenja\/#breadcrumb","itemListElement":[{"@type":"ListItem","position":1,"name":"Home","item":"https:\/\/gliste.ba\/"},{"@type":"ListItem","position":2,"name":"Uslovi kori\u0161tenja"}]},{"@type":"WebSite","@id":"https:\/\/gliste.ba\/ba\/#website","url":"https:\/\/gliste.ba\/ba\/","name":"Gliste.ba","description":"Proizvodnja i prodaja kalifornijskih glista i biohumusa","publisher":{"@id":"https:\/\/gliste.ba\/ba\/#organization"},"potentialAction":[{"@type":"SearchAction","target":{"@type":"EntryPoint","urlTemplate":"https:\/\/gliste.ba\/ba\/?s={search_term_string}"},"query-input":{"@type":"PropertyValueSpecification","valueRequired":true,"valueName":"search_term_string"}}],"inLanguage":"en-US"},{"@type":"Organization","@id":"https:\/\/gliste.ba\/ba\/#organization","name":"Gliste.ba","url":"https:\/\/gliste.ba\/ba\/","logo":{"@type":"ImageObject","inLanguage":"en-US","@id":"https:\/\/gliste.ba\/ba\/#\/schema\/logo\/image\/","url":"https:\/\/gliste.ba\/wp-content\/uploads\/2024\/12\/Gliste-Ba-Logo-scaled.jpg","contentUrl":"https:\/\/gliste.ba\/wp-content\/uploads\/2024\/12\/Gliste-Ba-Logo-scaled.jpg","width":2407,"height":2560,"caption":"Gliste.ba"},"image":{"@id":"https:\/\/gliste.ba\/ba\/#\/schema\/logo\/image\/"},"sameAs":["https:\/\/www.facebook.com\/profile.php?id=61566583448028","https:\/\/x.com\/glisteba"]}]}},"_links":{"self":[{"href":"https:\/\/gliste.ba\/en\/wp-json\/wp\/v2\/pages\/274","targetHints":{"allow":["GET"]}}],"collection":[{"href":"https:\/\/gliste.ba\/en\/wp-json\/wp\/v2\/pages"}],"about":[{"href":"https:\/\/gliste.ba\/en\/wp-json\/wp\/v2\/types\/page"}],"author":[{"embeddable":true,"href":"https:\/\/gliste.ba\/en\/wp-json\/wp\/v2\/users\/1"}],"replies":[{"embeddable":true,"href":"https:\/\/gliste.ba\/en\/wp-json\/wp\/v2\/comments?post=274"}],"version-history":[{"count":0,"href":"https:\/\/gliste.ba\/en\/wp-json\/wp\/v2\/pages\/274\/revisions"}],"wp:featuredmedia":[{"embeddable":true,"href":"https:\/\/gliste.ba\/en\/wp-json\/wp\/v2\/media\/37"}],"wp:attachment":[{"href":"https:\/\/gliste.ba\/en\/wp-json\/wp\/v2\/media?parent=274"}],"curies":[{"name":"wp","href":"https:\/\/api.w.org\/{rel}","templated":true}]}}