{"id":430,"date":"2024-12-23T01:19:13","date_gmt":"2024-12-23T01:19:13","guid":{"rendered":"https:\/\/gliste.ba\/?post_type=product&#038;p=430"},"modified":"2026-04-17T14:15:42","modified_gmt":"2026-04-17T14:15:42","slug":"mini-leglo-kalifornijskih-glista","status":"publish","type":"product","link":"https:\/\/gliste.ba\/en\/product\/mini-leglo-kalifornijskih-glista\/","title":{"rendered":"MINI Litter of California Earthworms"},"content":{"rendered":"<p>Perfect for beginners or smaller composting projects. The mini litter contains high-quality California earthworms, ideal for quickly converting organic waste into rich biohumus. Easy to set up and maintain, this litter ensures natural recycling in every home.<\/p>","protected":false},"excerpt":{"rendered":"<p>Perfect for beginners or smaller composting projects. The mini litter contains high-quality California earthworms, ideal for quickly converting organic waste into rich biohumus. Easy to set up and maintain, this litter ensures natural recycling in every home.<\/p>","protected":false},"featured_media":1106,"template":"","meta":{"_acf_changed":false},"product_brand":[],"product_cat":[28],"product_tag":[],"class_list":{"0":"post-430","1":"product","2":"type-product","3":"status-publish","4":"has-post-thumbnail","6":"product_cat-maxi-leglo-kalifornijskih-glista","8":"first","9":"instock","10":"featured","11":"shipping-taxable","12":"purchasable","13":"product-type-simple"},"acf":[],"yoast_head":"<!-- This site is optimized with the Yoast SEO plugin v27.2 - https:\/\/yoast.com\/product\/yoast-seo-wordpress\/ -->\n<title>MINI Leglo Kalifornijskih glista - Gliste.ba<\/title>\n<meta name=\"description\" content=\"Savr\u0161eno za po\u010detnike ili manje projekte kompostiranja. Mini leglo sadr\u017ei visokokvalitetne kalifornijske gliste, idealne za brzo pretvaranje organskog otpada u bogat biohumus. Lagano za postavljanje i odr\u017eavanje, ovo leglo osigurava prirodnu recikla\u017eu u svakom domu.\" \/>\n<meta name=\"robots\" content=\"index, follow, max-snippet:-1, max-image-preview:large, max-video-preview:-1\" \/>\n<link rel=\"canonical\" href=\"https:\/\/gliste.ba\/en\/product\/mini-leglo-kalifornijskih-glista\/\" \/>\n<meta property=\"og:locale\" content=\"en_US\" \/>\n<meta property=\"og:type\" content=\"article\" \/>\n<meta property=\"og:title\" content=\"MINI Leglo Kalifornijskih glista - Gliste.ba\" \/>\n<meta property=\"og:description\" content=\"Savr\u0161eno za po\u010detnike ili manje projekte kompostiranja. Mini leglo sadr\u017ei visokokvalitetne kalifornijske gliste, idealne za brzo pretvaranje organskog otpada u bogat biohumus. Lagano za postavljanje i odr\u017eavanje, ovo leglo osigurava prirodnu recikla\u017eu u svakom domu.\" \/>\n<meta property=\"og:url\" content=\"https:\/\/gliste.ba\/en\/product\/mini-leglo-kalifornijskih-glista\/\" \/>\n<meta property=\"og:site_name\" content=\"Gliste.ba\" \/>\n<meta property=\"article:publisher\" content=\"https:\/\/www.facebook.com\/profile.php?id=61566583448028\" \/>\n<meta property=\"article:modified_time\" content=\"2026-04-17T14:15:42+00:00\" \/>\n<meta property=\"og:image\" content=\"https:\/\/gliste.ba\/wp-content\/uploads\/2024\/12\/MINI-Leglo-Kalifornijskih-glista.webp\" \/>\n\t<meta property=\"og:image:width\" content=\"1080\" \/>\n\t<meta property=\"og:image:height\" content=\"1080\" \/>\n\t<meta property=\"og:image:type\" content=\"image\/webp\" \/>\n<meta name=\"twitter:card\" content=\"summary_large_image\" \/>\n<meta name=\"twitter:site\" content=\"@glisteba\" \/>\n<meta name=\"twitter:label1\" content=\"Est. reading time\" \/>\n\t<meta name=\"twitter:data1\" content=\"1 minute\" \/>\n<script type=\"application\/ld+json\" class=\"yoast-schema-graph\">{\"@context\":\"https:\/\/schema.org\",\"@graph\":[{\"@type\":\"WebPage\",\"@id\":\"https:\/\/gliste.ba\/product\/mini-leglo-kalifornijskih-glista\/\",\"url\":\"https:\/\/gliste.ba\/product\/mini-leglo-kalifornijskih-glista\/\",\"name\":\"MINI Leglo Kalifornijskih glista - Gliste.ba\",\"isPartOf\":{\"@id\":\"https:\/\/gliste.ba\/ba\/#website\"},\"primaryImageOfPage\":{\"@id\":\"https:\/\/gliste.ba\/product\/mini-leglo-kalifornijskih-glista\/#primaryimage\"},\"image\":{\"@id\":\"https:\/\/gliste.ba\/product\/mini-leglo-kalifornijskih-glista\/#primaryimage\"},\"thumbnailUrl\":\"https:\/\/gliste.ba\/wp-content\/uploads\/2024\/12\/MINI-Leglo-Kalifornijskih-glista.webp\",\"datePublished\":\"2024-12-23T01:19:13+00:00\",\"dateModified\":\"2026-04-17T14:15:42+00:00\",\"description\":\"Savr\u0161eno za po\u010detnike ili manje projekte kompostiranja. Mini leglo sadr\u017ei visokokvalitetne kalifornijske gliste, idealne za brzo pretvaranje organskog otpada u bogat biohumus. Lagano za postavljanje i odr\u017eavanje, ovo leglo osigurava prirodnu recikla\u017eu u svakom domu.\",\"breadcrumb\":{\"@id\":\"https:\/\/gliste.ba\/product\/mini-leglo-kalifornijskih-glista\/#breadcrumb\"},\"inLanguage\":\"en-US\",\"potentialAction\":[{\"@type\":\"ReadAction\",\"target\":[\"https:\/\/gliste.ba\/product\/mini-leglo-kalifornijskih-glista\/\"]}]},{\"@type\":\"ImageObject\",\"inLanguage\":\"en-US\",\"@id\":\"https:\/\/gliste.ba\/product\/mini-leglo-kalifornijskih-glista\/#primaryimage\",\"url\":\"https:\/\/gliste.ba\/wp-content\/uploads\/2024\/12\/MINI-Leglo-Kalifornijskih-glista.webp\",\"contentUrl\":\"https:\/\/gliste.ba\/wp-content\/uploads\/2024\/12\/MINI-Leglo-Kalifornijskih-glista.webp\",\"width\":1080,\"height\":1080,\"caption\":\"Mini leglo sadr\u017ei visokokvalitetne kalifornijske gliste\"},{\"@type\":\"BreadcrumbList\",\"@id\":\"https:\/\/gliste.ba\/product\/mini-leglo-kalifornijskih-glista\/#breadcrumb\",\"itemListElement\":[{\"@type\":\"ListItem\",\"position\":1,\"name\":\"Home\",\"item\":\"https:\/\/gliste.ba\/\"},{\"@type\":\"ListItem\",\"position\":2,\"name\":\"SHOP\",\"item\":\"https:\/\/gliste.ba\/web-prodavnica-2\/\"},{\"@type\":\"ListItem\",\"position\":3,\"name\":\"MINI Leglo Kalifornijskih glista\"}]},{\"@type\":\"WebSite\",\"@id\":\"https:\/\/gliste.ba\/ba\/#website\",\"url\":\"https:\/\/gliste.ba\/ba\/\",\"name\":\"Gliste.ba\",\"description\":\"Proizvodnja i prodaja kalifornijskih glista i biohumusa\",\"publisher\":{\"@id\":\"https:\/\/gliste.ba\/ba\/#organization\"},\"potentialAction\":[{\"@type\":\"SearchAction\",\"target\":{\"@type\":\"EntryPoint\",\"urlTemplate\":\"https:\/\/gliste.ba\/ba\/?s={search_term_string}\"},\"query-input\":{\"@type\":\"PropertyValueSpecification\",\"valueRequired\":true,\"valueName\":\"search_term_string\"}}],\"inLanguage\":\"en-US\"},{\"@type\":\"Organization\",\"@id\":\"https:\/\/gliste.ba\/ba\/#organization\",\"name\":\"Gliste.ba\",\"url\":\"https:\/\/gliste.ba\/ba\/\",\"logo\":{\"@type\":\"ImageObject\",\"inLanguage\":\"en-US\",\"@id\":\"https:\/\/gliste.ba\/ba\/#\/schema\/logo\/image\/\",\"url\":\"https:\/\/gliste.ba\/wp-content\/uploads\/2024\/12\/Gliste-Ba-Logo-scaled.jpg\",\"contentUrl\":\"https:\/\/gliste.ba\/wp-content\/uploads\/2024\/12\/Gliste-Ba-Logo-scaled.jpg\",\"width\":2407,\"height\":2560,\"caption\":\"Gliste.ba\"},\"image\":{\"@id\":\"https:\/\/gliste.ba\/ba\/#\/schema\/logo\/image\/\"},\"sameAs\":[\"https:\/\/www.facebook.com\/profile.php?id=61566583448028\",\"https:\/\/x.com\/glisteba\"]}]}<\/script>\n<!-- \/ Yoast SEO plugin. -->","yoast_head_json":{"title":"MINI Leglo Kalifornijskih glista - Gliste.ba","description":"Perfect for beginners or smaller composting projects. The mini litter contains high-quality California earthworms, ideal for quickly converting organic waste into rich biohumus. Easy to set up and maintain, this litter ensures natural recycling in every home.","robots":{"index":"index","follow":"follow","max-snippet":"max-snippet:-1","max-image-preview":"max-image-preview:large","max-video-preview":"max-video-preview:-1"},"canonical":"https:\/\/gliste.ba\/en\/product\/mini-leglo-kalifornijskih-glista\/","og_locale":"en_US","og_type":"article","og_title":"MINI Leglo Kalifornijskih glista - Gliste.ba","og_description":"Savr\u0161eno za po\u010detnike ili manje projekte kompostiranja. Mini leglo sadr\u017ei visokokvalitetne kalifornijske gliste, idealne za brzo pretvaranje organskog otpada u bogat biohumus. Lagano za postavljanje i odr\u017eavanje, ovo leglo osigurava prirodnu recikla\u017eu u svakom domu.","og_url":"https:\/\/gliste.ba\/en\/product\/mini-leglo-kalifornijskih-glista\/","og_site_name":"Gliste.ba","article_publisher":"https:\/\/www.facebook.com\/profile.php?id=61566583448028","article_modified_time":"2026-04-17T14:15:42+00:00","og_image":[{"width":1080,"height":1080,"url":"https:\/\/gliste.ba\/wp-content\/uploads\/2024\/12\/MINI-Leglo-Kalifornijskih-glista.webp","type":"image\/webp"}],"twitter_card":"summary_large_image","twitter_site":"@glisteba","twitter_misc":{"Est. reading time":"1 minute"},"schema":{"@context":"https:\/\/schema.org","@graph":[{"@type":"WebPage","@id":"https:\/\/gliste.ba\/product\/mini-leglo-kalifornijskih-glista\/","url":"https:\/\/gliste.ba\/product\/mini-leglo-kalifornijskih-glista\/","name":"MINI Leglo Kalifornijskih glista - Gliste.ba","isPartOf":{"@id":"https:\/\/gliste.ba\/ba\/#website"},"primaryImageOfPage":{"@id":"https:\/\/gliste.ba\/product\/mini-leglo-kalifornijskih-glista\/#primaryimage"},"image":{"@id":"https:\/\/gliste.ba\/product\/mini-leglo-kalifornijskih-glista\/#primaryimage"},"thumbnailUrl":"https:\/\/gliste.ba\/wp-content\/uploads\/2024\/12\/MINI-Leglo-Kalifornijskih-glista.webp","datePublished":"2024-12-23T01:19:13+00:00","dateModified":"2026-04-17T14:15:42+00:00","description":"Perfect for beginners or smaller composting projects. The mini litter contains high-quality California earthworms, ideal for quickly converting organic waste into rich biohumus. Easy to set up and maintain, this litter ensures natural recycling in every home.","breadcrumb":{"@id":"https:\/\/gliste.ba\/product\/mini-leglo-kalifornijskih-glista\/#breadcrumb"},"inLanguage":"en-US","potentialAction":[{"@type":"ReadAction","target":["https:\/\/gliste.ba\/product\/mini-leglo-kalifornijskih-glista\/"]}]},{"@type":"ImageObject","inLanguage":"en-US","@id":"https:\/\/gliste.ba\/product\/mini-leglo-kalifornijskih-glista\/#primaryimage","url":"https:\/\/gliste.ba\/wp-content\/uploads\/2024\/12\/MINI-Leglo-Kalifornijskih-glista.webp","contentUrl":"https:\/\/gliste.ba\/wp-content\/uploads\/2024\/12\/MINI-Leglo-Kalifornijskih-glista.webp","width":1080,"height":1080,"caption":"Mini leglo sadr\u017ei visokokvalitetne kalifornijske gliste"},{"@type":"BreadcrumbList","@id":"https:\/\/gliste.ba\/product\/mini-leglo-kalifornijskih-glista\/#breadcrumb","itemListElement":[{"@type":"ListItem","position":1,"name":"Home","item":"https:\/\/gliste.ba\/"},{"@type":"ListItem","position":2,"name":"SHOP","item":"https:\/\/gliste.ba\/web-prodavnica-2\/"},{"@type":"ListItem","position":3,"name":"MINI Leglo Kalifornijskih glista"}]},{"@type":"WebSite","@id":"https:\/\/gliste.ba\/ba\/#website","url":"https:\/\/gliste.ba\/ba\/","name":"Gliste.ba","description":"Proizvodnja i prodaja kalifornijskih glista i biohumusa","publisher":{"@id":"https:\/\/gliste.ba\/ba\/#organization"},"potentialAction":[{"@type":"SearchAction","target":{"@type":"EntryPoint","urlTemplate":"https:\/\/gliste.ba\/ba\/?s={search_term_string}"},"query-input":{"@type":"PropertyValueSpecification","valueRequired":true,"valueName":"search_term_string"}}],"inLanguage":"en-US"},{"@type":"Organization","@id":"https:\/\/gliste.ba\/ba\/#organization","name":"Gliste.ba","url":"https:\/\/gliste.ba\/ba\/","logo":{"@type":"ImageObject","inLanguage":"en-US","@id":"https:\/\/gliste.ba\/ba\/#\/schema\/logo\/image\/","url":"https:\/\/gliste.ba\/wp-content\/uploads\/2024\/12\/Gliste-Ba-Logo-scaled.jpg","contentUrl":"https:\/\/gliste.ba\/wp-content\/uploads\/2024\/12\/Gliste-Ba-Logo-scaled.jpg","width":2407,"height":2560,"caption":"Gliste.ba"},"image":{"@id":"https:\/\/gliste.ba\/ba\/#\/schema\/logo\/image\/"},"sameAs":["https:\/\/www.facebook.com\/profile.php?id=61566583448028","https:\/\/x.com\/glisteba"]}]}},"_links":{"self":[{"href":"https:\/\/gliste.ba\/en\/wp-json\/wp\/v2\/product\/430","targetHints":{"allow":["GET"]}}],"collection":[{"href":"https:\/\/gliste.ba\/en\/wp-json\/wp\/v2\/product"}],"about":[{"href":"https:\/\/gliste.ba\/en\/wp-json\/wp\/v2\/types\/product"}],"wp:featuredmedia":[{"embeddable":true,"href":"https:\/\/gliste.ba\/en\/wp-json\/wp\/v2\/media\/1106"}],"wp:attachment":[{"href":"https:\/\/gliste.ba\/en\/wp-json\/wp\/v2\/media?parent=430"}],"wp:term":[{"taxonomy":"product_brand","embeddable":true,"href":"https:\/\/gliste.ba\/en\/wp-json\/wp\/v2\/product_brand?post=430"},{"taxonomy":"product_cat","embeddable":true,"href":"https:\/\/gliste.ba\/en\/wp-json\/wp\/v2\/product_cat?post=430"},{"taxonomy":"product_tag","embeddable":true,"href":"https:\/\/gliste.ba\/en\/wp-json\/wp\/v2\/product_tag?post=430"}],"curies":[{"name":"wp","href":"https:\/\/api.w.org\/{rel}","templated":true}]}}