{"id":443,"date":"2024-12-23T01:28:51","date_gmt":"2024-12-23T01:28:51","guid":{"rendered":"https:\/\/gliste.ba\/?post_type=product&#038;p=443"},"modified":"2026-03-28T00:17:32","modified_gmt":"2026-03-28T00:17:32","slug":"gliste-za-ribolovce-100-kom","status":"publish","type":"product","link":"https:\/\/gliste.ba\/en\/product\/gliste-za-ribolovce-100-kom\/","title":{"rendered":"Worms for fishermen 100 pcs"},"content":{"rendered":"<p>High-quality and durable worms that ensure successful catches. Our worms are ideal for fishing in all types of waters. Easy to use, they come in packaging that preserves their freshness and vitality. Your perfect support for unforgettable fishing!<\/p>","protected":false},"excerpt":{"rendered":"<p>High-quality and durable worms that ensure successful catches. Our worms are ideal for fishing in all types of waters. Easy to use, they come in packaging that preserves their freshness and vitality. Your perfect support for unforgettable fishing!<\/p>","protected":false},"featured_media":1103,"template":"","meta":{"_acf_changed":false},"product_brand":[],"product_cat":[29],"product_tag":[],"class_list":{"0":"post-443","1":"product","2":"type-product","3":"status-publish","4":"has-post-thumbnail","6":"product_cat-visokokvalitetne-i-izdrzljive-gliste-koje-osiguravaju-uspjesan-ulov","8":"first","9":"instock","10":"shipping-taxable","11":"purchasable","12":"product-type-simple"},"acf":[],"yoast_head":"<!-- This site is optimized with the Yoast SEO plugin v27.2 - https:\/\/yoast.com\/product\/yoast-seo-wordpress\/ -->\n<title>Gliste za ribolovce 100 kom - Gliste.ba<\/title>\n<meta name=\"description\" content=\"Visokokvalitetne i izdr\u017eljive gliste koje osiguravaju uspje\u0161an ulov. Na\u0161e gliste su idealne za ribolov na svim vrstama voda. Jednostavne za kori\u0161tenje, dolaze u pakovanju koje \u010duva njihovu svje\u017einu i vitalnost. Va\u0161a savr\u0161ena podr\u0161ka za nezaboravan ribolov!\" \/>\n<meta name=\"robots\" content=\"index, follow, max-snippet:-1, max-image-preview:large, max-video-preview:-1\" \/>\n<link rel=\"canonical\" href=\"https:\/\/gliste.ba\/en\/product\/gliste-za-ribolovce-100-kom\/\" \/>\n<meta property=\"og:locale\" content=\"en_US\" \/>\n<meta property=\"og:type\" content=\"article\" \/>\n<meta property=\"og:title\" content=\"Gliste za ribolovce 100 kom - Gliste.ba\" \/>\n<meta property=\"og:description\" content=\"Visokokvalitetne i izdr\u017eljive gliste koje osiguravaju uspje\u0161an ulov. Na\u0161e gliste su idealne za ribolov na svim vrstama voda. Jednostavne za kori\u0161tenje, dolaze u pakovanju koje \u010duva njihovu svje\u017einu i vitalnost. Va\u0161a savr\u0161ena podr\u0161ka za nezaboravan ribolov!\" \/>\n<meta property=\"og:url\" content=\"https:\/\/gliste.ba\/en\/product\/gliste-za-ribolovce-100-kom\/\" \/>\n<meta property=\"og:site_name\" content=\"Gliste.ba\" \/>\n<meta property=\"article:publisher\" content=\"https:\/\/www.facebook.com\/profile.php?id=61566583448028\" \/>\n<meta property=\"article:modified_time\" content=\"2026-03-28T00:17:32+00:00\" \/>\n<meta property=\"og:image\" content=\"https:\/\/gliste.ba\/wp-content\/uploads\/2024\/12\/Gliste-za-ribolovce-Gliste.ba_.webp\" \/>\n\t<meta property=\"og:image:width\" content=\"1082\" \/>\n\t<meta property=\"og:image:height\" content=\"1082\" \/>\n\t<meta property=\"og:image:type\" content=\"image\/webp\" \/>\n<meta name=\"twitter:card\" content=\"summary_large_image\" \/>\n<meta name=\"twitter:site\" content=\"@glisteba\" \/>\n<meta name=\"twitter:label1\" content=\"Est. reading time\" \/>\n\t<meta name=\"twitter:data1\" content=\"1 minute\" \/>\n<script type=\"application\/ld+json\" class=\"yoast-schema-graph\">{\"@context\":\"https:\/\/schema.org\",\"@graph\":[{\"@type\":\"WebPage\",\"@id\":\"https:\/\/gliste.ba\/product\/gliste-za-ribolovce-100-kom\/\",\"url\":\"https:\/\/gliste.ba\/product\/gliste-za-ribolovce-100-kom\/\",\"name\":\"Gliste za ribolovce 100 kom - Gliste.ba\",\"isPartOf\":{\"@id\":\"https:\/\/gliste.ba\/ba\/#website\"},\"primaryImageOfPage\":{\"@id\":\"https:\/\/gliste.ba\/product\/gliste-za-ribolovce-100-kom\/#primaryimage\"},\"image\":{\"@id\":\"https:\/\/gliste.ba\/product\/gliste-za-ribolovce-100-kom\/#primaryimage\"},\"thumbnailUrl\":\"https:\/\/gliste.ba\/wp-content\/uploads\/2024\/12\/Gliste-za-ribolovce-Gliste.ba_.webp\",\"datePublished\":\"2024-12-23T01:28:51+00:00\",\"dateModified\":\"2026-03-28T00:17:32+00:00\",\"description\":\"Visokokvalitetne i izdr\u017eljive gliste koje osiguravaju uspje\u0161an ulov. Na\u0161e gliste su idealne za ribolov na svim vrstama voda. Jednostavne za kori\u0161tenje, dolaze u pakovanju koje \u010duva njihovu svje\u017einu i vitalnost. Va\u0161a savr\u0161ena podr\u0161ka za nezaboravan ribolov!\",\"breadcrumb\":{\"@id\":\"https:\/\/gliste.ba\/product\/gliste-za-ribolovce-100-kom\/#breadcrumb\"},\"inLanguage\":\"en-US\",\"potentialAction\":[{\"@type\":\"ReadAction\",\"target\":[\"https:\/\/gliste.ba\/product\/gliste-za-ribolovce-100-kom\/\"]}]},{\"@type\":\"ImageObject\",\"inLanguage\":\"en-US\",\"@id\":\"https:\/\/gliste.ba\/product\/gliste-za-ribolovce-100-kom\/#primaryimage\",\"url\":\"https:\/\/gliste.ba\/wp-content\/uploads\/2024\/12\/Gliste-za-ribolovce-Gliste.ba_.webp\",\"contentUrl\":\"https:\/\/gliste.ba\/wp-content\/uploads\/2024\/12\/Gliste-za-ribolovce-Gliste.ba_.webp\",\"width\":1082,\"height\":1082,\"caption\":\"gliste za ribolov\"},{\"@type\":\"BreadcrumbList\",\"@id\":\"https:\/\/gliste.ba\/product\/gliste-za-ribolovce-100-kom\/#breadcrumb\",\"itemListElement\":[{\"@type\":\"ListItem\",\"position\":1,\"name\":\"Home\",\"item\":\"https:\/\/gliste.ba\/\"},{\"@type\":\"ListItem\",\"position\":2,\"name\":\"SHOP\",\"item\":\"https:\/\/gliste.ba\/web-prodavnica-2\/\"},{\"@type\":\"ListItem\",\"position\":3,\"name\":\"Gliste za ribolovce 100 kom\"}]},{\"@type\":\"WebSite\",\"@id\":\"https:\/\/gliste.ba\/ba\/#website\",\"url\":\"https:\/\/gliste.ba\/ba\/\",\"name\":\"Gliste.ba\",\"description\":\"Proizvodnja i prodaja kalifornijskih glista i biohumusa\",\"publisher\":{\"@id\":\"https:\/\/gliste.ba\/ba\/#organization\"},\"potentialAction\":[{\"@type\":\"SearchAction\",\"target\":{\"@type\":\"EntryPoint\",\"urlTemplate\":\"https:\/\/gliste.ba\/ba\/?s={search_term_string}\"},\"query-input\":{\"@type\":\"PropertyValueSpecification\",\"valueRequired\":true,\"valueName\":\"search_term_string\"}}],\"inLanguage\":\"en-US\"},{\"@type\":\"Organization\",\"@id\":\"https:\/\/gliste.ba\/ba\/#organization\",\"name\":\"Gliste.ba\",\"url\":\"https:\/\/gliste.ba\/ba\/\",\"logo\":{\"@type\":\"ImageObject\",\"inLanguage\":\"en-US\",\"@id\":\"https:\/\/gliste.ba\/ba\/#\/schema\/logo\/image\/\",\"url\":\"https:\/\/gliste.ba\/wp-content\/uploads\/2024\/12\/Gliste-Ba-Logo-scaled.jpg\",\"contentUrl\":\"https:\/\/gliste.ba\/wp-content\/uploads\/2024\/12\/Gliste-Ba-Logo-scaled.jpg\",\"width\":2407,\"height\":2560,\"caption\":\"Gliste.ba\"},\"image\":{\"@id\":\"https:\/\/gliste.ba\/ba\/#\/schema\/logo\/image\/\"},\"sameAs\":[\"https:\/\/www.facebook.com\/profile.php?id=61566583448028\",\"https:\/\/x.com\/glisteba\"]}]}<\/script>\n<!-- \/ Yoast SEO plugin. -->","yoast_head_json":{"title":"Gliste za ribolovce 100 kom - Gliste.ba","description":"High-quality and durable worms that ensure successful catches. Our worms are ideal for fishing in all types of waters. Easy to use, they come in packaging that preserves their freshness and vitality. Your perfect support for unforgettable fishing!","robots":{"index":"index","follow":"follow","max-snippet":"max-snippet:-1","max-image-preview":"max-image-preview:large","max-video-preview":"max-video-preview:-1"},"canonical":"https:\/\/gliste.ba\/en\/product\/gliste-za-ribolovce-100-kom\/","og_locale":"en_US","og_type":"article","og_title":"Gliste za ribolovce 100 kom - Gliste.ba","og_description":"Visokokvalitetne i izdr\u017eljive gliste koje osiguravaju uspje\u0161an ulov. Na\u0161e gliste su idealne za ribolov na svim vrstama voda. Jednostavne za kori\u0161tenje, dolaze u pakovanju koje \u010duva njihovu svje\u017einu i vitalnost. Va\u0161a savr\u0161ena podr\u0161ka za nezaboravan ribolov!","og_url":"https:\/\/gliste.ba\/en\/product\/gliste-za-ribolovce-100-kom\/","og_site_name":"Gliste.ba","article_publisher":"https:\/\/www.facebook.com\/profile.php?id=61566583448028","article_modified_time":"2026-03-28T00:17:32+00:00","og_image":[{"width":1082,"height":1082,"url":"https:\/\/gliste.ba\/wp-content\/uploads\/2024\/12\/Gliste-za-ribolovce-Gliste.ba_.webp","type":"image\/webp"}],"twitter_card":"summary_large_image","twitter_site":"@glisteba","twitter_misc":{"Est. reading time":"1 minute"},"schema":{"@context":"https:\/\/schema.org","@graph":[{"@type":"WebPage","@id":"https:\/\/gliste.ba\/product\/gliste-za-ribolovce-100-kom\/","url":"https:\/\/gliste.ba\/product\/gliste-za-ribolovce-100-kom\/","name":"Gliste za ribolovce 100 kom - Gliste.ba","isPartOf":{"@id":"https:\/\/gliste.ba\/ba\/#website"},"primaryImageOfPage":{"@id":"https:\/\/gliste.ba\/product\/gliste-za-ribolovce-100-kom\/#primaryimage"},"image":{"@id":"https:\/\/gliste.ba\/product\/gliste-za-ribolovce-100-kom\/#primaryimage"},"thumbnailUrl":"https:\/\/gliste.ba\/wp-content\/uploads\/2024\/12\/Gliste-za-ribolovce-Gliste.ba_.webp","datePublished":"2024-12-23T01:28:51+00:00","dateModified":"2026-03-28T00:17:32+00:00","description":"High-quality and durable worms that ensure successful catches. Our worms are ideal for fishing in all types of waters. Easy to use, they come in packaging that preserves their freshness and vitality. Your perfect support for unforgettable fishing!","breadcrumb":{"@id":"https:\/\/gliste.ba\/product\/gliste-za-ribolovce-100-kom\/#breadcrumb"},"inLanguage":"en-US","potentialAction":[{"@type":"ReadAction","target":["https:\/\/gliste.ba\/product\/gliste-za-ribolovce-100-kom\/"]}]},{"@type":"ImageObject","inLanguage":"en-US","@id":"https:\/\/gliste.ba\/product\/gliste-za-ribolovce-100-kom\/#primaryimage","url":"https:\/\/gliste.ba\/wp-content\/uploads\/2024\/12\/Gliste-za-ribolovce-Gliste.ba_.webp","contentUrl":"https:\/\/gliste.ba\/wp-content\/uploads\/2024\/12\/Gliste-za-ribolovce-Gliste.ba_.webp","width":1082,"height":1082,"caption":"gliste za ribolov"},{"@type":"BreadcrumbList","@id":"https:\/\/gliste.ba\/product\/gliste-za-ribolovce-100-kom\/#breadcrumb","itemListElement":[{"@type":"ListItem","position":1,"name":"Home","item":"https:\/\/gliste.ba\/"},{"@type":"ListItem","position":2,"name":"SHOP","item":"https:\/\/gliste.ba\/web-prodavnica-2\/"},{"@type":"ListItem","position":3,"name":"Gliste za ribolovce 100 kom"}]},{"@type":"WebSite","@id":"https:\/\/gliste.ba\/ba\/#website","url":"https:\/\/gliste.ba\/ba\/","name":"Gliste.ba","description":"Proizvodnja i prodaja kalifornijskih glista i biohumusa","publisher":{"@id":"https:\/\/gliste.ba\/ba\/#organization"},"potentialAction":[{"@type":"SearchAction","target":{"@type":"EntryPoint","urlTemplate":"https:\/\/gliste.ba\/ba\/?s={search_term_string}"},"query-input":{"@type":"PropertyValueSpecification","valueRequired":true,"valueName":"search_term_string"}}],"inLanguage":"en-US"},{"@type":"Organization","@id":"https:\/\/gliste.ba\/ba\/#organization","name":"Gliste.ba","url":"https:\/\/gliste.ba\/ba\/","logo":{"@type":"ImageObject","inLanguage":"en-US","@id":"https:\/\/gliste.ba\/ba\/#\/schema\/logo\/image\/","url":"https:\/\/gliste.ba\/wp-content\/uploads\/2024\/12\/Gliste-Ba-Logo-scaled.jpg","contentUrl":"https:\/\/gliste.ba\/wp-content\/uploads\/2024\/12\/Gliste-Ba-Logo-scaled.jpg","width":2407,"height":2560,"caption":"Gliste.ba"},"image":{"@id":"https:\/\/gliste.ba\/ba\/#\/schema\/logo\/image\/"},"sameAs":["https:\/\/www.facebook.com\/profile.php?id=61566583448028","https:\/\/x.com\/glisteba"]}]}},"_links":{"self":[{"href":"https:\/\/gliste.ba\/en\/wp-json\/wp\/v2\/product\/443","targetHints":{"allow":["GET"]}}],"collection":[{"href":"https:\/\/gliste.ba\/en\/wp-json\/wp\/v2\/product"}],"about":[{"href":"https:\/\/gliste.ba\/en\/wp-json\/wp\/v2\/types\/product"}],"wp:featuredmedia":[{"embeddable":true,"href":"https:\/\/gliste.ba\/en\/wp-json\/wp\/v2\/media\/1103"}],"wp:attachment":[{"href":"https:\/\/gliste.ba\/en\/wp-json\/wp\/v2\/media?parent=443"}],"wp:term":[{"taxonomy":"product_brand","embeddable":true,"href":"https:\/\/gliste.ba\/en\/wp-json\/wp\/v2\/product_brand?post=443"},{"taxonomy":"product_cat","embeddable":true,"href":"https:\/\/gliste.ba\/en\/wp-json\/wp\/v2\/product_cat?post=443"},{"taxonomy":"product_tag","embeddable":true,"href":"https:\/\/gliste.ba\/en\/wp-json\/wp\/v2\/product_tag?post=443"}],"curies":[{"name":"wp","href":"https:\/\/api.w.org\/{rel}","templated":true}]}}