{"id":444,"date":"2024-12-23T01:32:09","date_gmt":"2024-12-23T01:32:09","guid":{"rendered":"https:\/\/gliste.ba\/?post_type=product&#038;p=444"},"modified":"2026-03-28T00:39:55","modified_gmt":"2026-03-28T00:39:55","slug":"biohumus-1t","status":"publish","type":"product","link":"https:\/\/gliste.ba\/en\/product\/biohumus-1t\/","title":{"rendered":"Biohumus 1t"},"content":{"rendered":"<p>A natural solution for a healthier garden and more fruitful plants! This 10 liter pack of biohumus is perfect for home gardeners and smaller green spaces. It provides your plants with essential nutrients, improves soil quality and increases disease resistance.<\/p>","protected":false},"excerpt":{"rendered":"<p>A natural solution for a healthier garden and more fruitful plants! This 10 liter pack of biohumus is perfect for home gardeners and smaller green spaces. It provides your plants with essential nutrients, improves soil quality and increases disease resistance.<\/p>","protected":false},"featured_media":1102,"template":"","meta":{"_acf_changed":false},"product_brand":[],"product_cat":[30],"product_tag":[],"class_list":{"0":"post-444","1":"product","2":"type-product","3":"status-publish","4":"has-post-thumbnail","6":"product_cat-biohumus","8":"first","9":"instock","10":"shipping-taxable","11":"purchasable","12":"product-type-simple"},"acf":[],"yoast_head":"<!-- This site is optimized with the Yoast SEO plugin v27.2 - https:\/\/yoast.com\/product\/yoast-seo-wordpress\/ -->\n<title>Biohumus 1t - Gliste.ba<\/title>\n<meta name=\"description\" content=\"Prirodno rje\u0161enje za zdraviji vrt i plodnije biljke! Ovo pakovanje od 10 litara biohumusa je savr\u0161eno za ku\u0107ne vrtlare i manje zelene povr\u0161ine. Pru\u017ea va\u0161im biljkama esencijalne hranjive tvari, pobolj\u0161ava kvalitet tla i pove\u0107ava otpornost na bolesti.\" \/>\n<meta name=\"robots\" content=\"index, follow, max-snippet:-1, max-image-preview:large, max-video-preview:-1\" \/>\n<link rel=\"canonical\" href=\"https:\/\/gliste.ba\/en\/product\/biohumus-1t\/\" \/>\n<meta property=\"og:locale\" content=\"en_US\" \/>\n<meta property=\"og:type\" content=\"article\" \/>\n<meta property=\"og:title\" content=\"Biohumus 1t - Gliste.ba\" \/>\n<meta property=\"og:description\" content=\"Prirodno rje\u0161enje za zdraviji vrt i plodnije biljke! Ovo pakovanje od 10 litara biohumusa je savr\u0161eno za ku\u0107ne vrtlare i manje zelene povr\u0161ine. Pru\u017ea va\u0161im biljkama esencijalne hranjive tvari, pobolj\u0161ava kvalitet tla i pove\u0107ava otpornost na bolesti.\" \/>\n<meta property=\"og:url\" content=\"https:\/\/gliste.ba\/en\/product\/biohumus-1t\/\" \/>\n<meta property=\"og:site_name\" content=\"Gliste.ba\" \/>\n<meta property=\"article:publisher\" content=\"https:\/\/www.facebook.com\/profile.php?id=61566583448028\" \/>\n<meta property=\"article:modified_time\" content=\"2026-03-28T00:39:55+00:00\" \/>\n<meta property=\"og:image\" content=\"https:\/\/gliste.ba\/wp-content\/uploads\/2024\/12\/Biohumus-1t-Gliste.ba_.webp\" \/>\n\t<meta property=\"og:image:width\" content=\"1080\" \/>\n\t<meta property=\"og:image:height\" content=\"1080\" \/>\n\t<meta property=\"og:image:type\" content=\"image\/webp\" \/>\n<meta name=\"twitter:card\" content=\"summary_large_image\" \/>\n<meta name=\"twitter:site\" content=\"@glisteba\" \/>\n<meta name=\"twitter:label1\" content=\"Est. reading time\" \/>\n\t<meta name=\"twitter:data1\" content=\"1 minute\" \/>\n<script type=\"application\/ld+json\" class=\"yoast-schema-graph\">{\"@context\":\"https:\/\/schema.org\",\"@graph\":[{\"@type\":\"WebPage\",\"@id\":\"https:\/\/gliste.ba\/product\/biohumus-1t\/\",\"url\":\"https:\/\/gliste.ba\/product\/biohumus-1t\/\",\"name\":\"Biohumus 1t - Gliste.ba\",\"isPartOf\":{\"@id\":\"https:\/\/gliste.ba\/ba\/#website\"},\"primaryImageOfPage\":{\"@id\":\"https:\/\/gliste.ba\/product\/biohumus-1t\/#primaryimage\"},\"image\":{\"@id\":\"https:\/\/gliste.ba\/product\/biohumus-1t\/#primaryimage\"},\"thumbnailUrl\":\"https:\/\/gliste.ba\/wp-content\/uploads\/2024\/12\/Biohumus-1t-Gliste.ba_.webp\",\"datePublished\":\"2024-12-23T01:32:09+00:00\",\"dateModified\":\"2026-03-28T00:39:55+00:00\",\"description\":\"Prirodno rje\u0161enje za zdraviji vrt i plodnije biljke! Ovo pakovanje od 10 litara biohumusa je savr\u0161eno za ku\u0107ne vrtlare i manje zelene povr\u0161ine. Pru\u017ea va\u0161im biljkama esencijalne hranjive tvari, pobolj\u0161ava kvalitet tla i pove\u0107ava otpornost na bolesti.\",\"breadcrumb\":{\"@id\":\"https:\/\/gliste.ba\/product\/biohumus-1t\/#breadcrumb\"},\"inLanguage\":\"en-US\",\"potentialAction\":[{\"@type\":\"ReadAction\",\"target\":[\"https:\/\/gliste.ba\/product\/biohumus-1t\/\"]}]},{\"@type\":\"ImageObject\",\"inLanguage\":\"en-US\",\"@id\":\"https:\/\/gliste.ba\/product\/biohumus-1t\/#primaryimage\",\"url\":\"https:\/\/gliste.ba\/wp-content\/uploads\/2024\/12\/Biohumus-1t-Gliste.ba_.webp\",\"contentUrl\":\"https:\/\/gliste.ba\/wp-content\/uploads\/2024\/12\/Biohumus-1t-Gliste.ba_.webp\",\"width\":1080,\"height\":1080,\"caption\":\"glistenjak bio huumus\"},{\"@type\":\"BreadcrumbList\",\"@id\":\"https:\/\/gliste.ba\/product\/biohumus-1t\/#breadcrumb\",\"itemListElement\":[{\"@type\":\"ListItem\",\"position\":1,\"name\":\"Home\",\"item\":\"https:\/\/gliste.ba\/\"},{\"@type\":\"ListItem\",\"position\":2,\"name\":\"SHOP\",\"item\":\"https:\/\/gliste.ba\/web-prodavnica-2\/\"},{\"@type\":\"ListItem\",\"position\":3,\"name\":\"Biohumus 1t\"}]},{\"@type\":\"WebSite\",\"@id\":\"https:\/\/gliste.ba\/ba\/#website\",\"url\":\"https:\/\/gliste.ba\/ba\/\",\"name\":\"Gliste.ba\",\"description\":\"Proizvodnja i prodaja kalifornijskih glista i biohumusa\",\"publisher\":{\"@id\":\"https:\/\/gliste.ba\/ba\/#organization\"},\"potentialAction\":[{\"@type\":\"SearchAction\",\"target\":{\"@type\":\"EntryPoint\",\"urlTemplate\":\"https:\/\/gliste.ba\/ba\/?s={search_term_string}\"},\"query-input\":{\"@type\":\"PropertyValueSpecification\",\"valueRequired\":true,\"valueName\":\"search_term_string\"}}],\"inLanguage\":\"en-US\"},{\"@type\":\"Organization\",\"@id\":\"https:\/\/gliste.ba\/ba\/#organization\",\"name\":\"Gliste.ba\",\"url\":\"https:\/\/gliste.ba\/ba\/\",\"logo\":{\"@type\":\"ImageObject\",\"inLanguage\":\"en-US\",\"@id\":\"https:\/\/gliste.ba\/ba\/#\/schema\/logo\/image\/\",\"url\":\"https:\/\/gliste.ba\/wp-content\/uploads\/2024\/12\/Gliste-Ba-Logo-scaled.jpg\",\"contentUrl\":\"https:\/\/gliste.ba\/wp-content\/uploads\/2024\/12\/Gliste-Ba-Logo-scaled.jpg\",\"width\":2407,\"height\":2560,\"caption\":\"Gliste.ba\"},\"image\":{\"@id\":\"https:\/\/gliste.ba\/ba\/#\/schema\/logo\/image\/\"},\"sameAs\":[\"https:\/\/www.facebook.com\/profile.php?id=61566583448028\",\"https:\/\/x.com\/glisteba\"]}]}<\/script>\n<!-- \/ Yoast SEO plugin. -->","yoast_head_json":{"title":"Biohumus 1t - Gliste.ba","description":"A natural solution for a healthier garden and more fruitful plants! This 10 liter pack of biohumus is perfect for home gardeners and smaller green spaces. It provides your plants with essential nutrients, improves soil quality and increases disease resistance.","robots":{"index":"index","follow":"follow","max-snippet":"max-snippet:-1","max-image-preview":"max-image-preview:large","max-video-preview":"max-video-preview:-1"},"canonical":"https:\/\/gliste.ba\/en\/product\/biohumus-1t\/","og_locale":"en_US","og_type":"article","og_title":"Biohumus 1t - Gliste.ba","og_description":"Prirodno rje\u0161enje za zdraviji vrt i plodnije biljke! Ovo pakovanje od 10 litara biohumusa je savr\u0161eno za ku\u0107ne vrtlare i manje zelene povr\u0161ine. Pru\u017ea va\u0161im biljkama esencijalne hranjive tvari, pobolj\u0161ava kvalitet tla i pove\u0107ava otpornost na bolesti.","og_url":"https:\/\/gliste.ba\/en\/product\/biohumus-1t\/","og_site_name":"Gliste.ba","article_publisher":"https:\/\/www.facebook.com\/profile.php?id=61566583448028","article_modified_time":"2026-03-28T00:39:55+00:00","og_image":[{"width":1080,"height":1080,"url":"https:\/\/gliste.ba\/wp-content\/uploads\/2024\/12\/Biohumus-1t-Gliste.ba_.webp","type":"image\/webp"}],"twitter_card":"summary_large_image","twitter_site":"@glisteba","twitter_misc":{"Est. reading time":"1 minute"},"schema":{"@context":"https:\/\/schema.org","@graph":[{"@type":"WebPage","@id":"https:\/\/gliste.ba\/product\/biohumus-1t\/","url":"https:\/\/gliste.ba\/product\/biohumus-1t\/","name":"Biohumus 1t - Gliste.ba","isPartOf":{"@id":"https:\/\/gliste.ba\/ba\/#website"},"primaryImageOfPage":{"@id":"https:\/\/gliste.ba\/product\/biohumus-1t\/#primaryimage"},"image":{"@id":"https:\/\/gliste.ba\/product\/biohumus-1t\/#primaryimage"},"thumbnailUrl":"https:\/\/gliste.ba\/wp-content\/uploads\/2024\/12\/Biohumus-1t-Gliste.ba_.webp","datePublished":"2024-12-23T01:32:09+00:00","dateModified":"2026-03-28T00:39:55+00:00","description":"A natural solution for a healthier garden and more fruitful plants! This 10 liter pack of biohumus is perfect for home gardeners and smaller green spaces. It provides your plants with essential nutrients, improves soil quality and increases disease resistance.","breadcrumb":{"@id":"https:\/\/gliste.ba\/product\/biohumus-1t\/#breadcrumb"},"inLanguage":"en-US","potentialAction":[{"@type":"ReadAction","target":["https:\/\/gliste.ba\/product\/biohumus-1t\/"]}]},{"@type":"ImageObject","inLanguage":"en-US","@id":"https:\/\/gliste.ba\/product\/biohumus-1t\/#primaryimage","url":"https:\/\/gliste.ba\/wp-content\/uploads\/2024\/12\/Biohumus-1t-Gliste.ba_.webp","contentUrl":"https:\/\/gliste.ba\/wp-content\/uploads\/2024\/12\/Biohumus-1t-Gliste.ba_.webp","width":1080,"height":1080,"caption":"glistenjak bio huumus"},{"@type":"BreadcrumbList","@id":"https:\/\/gliste.ba\/product\/biohumus-1t\/#breadcrumb","itemListElement":[{"@type":"ListItem","position":1,"name":"Home","item":"https:\/\/gliste.ba\/"},{"@type":"ListItem","position":2,"name":"SHOP","item":"https:\/\/gliste.ba\/web-prodavnica-2\/"},{"@type":"ListItem","position":3,"name":"Biohumus 1t"}]},{"@type":"WebSite","@id":"https:\/\/gliste.ba\/ba\/#website","url":"https:\/\/gliste.ba\/ba\/","name":"Gliste.ba","description":"Proizvodnja i prodaja kalifornijskih glista i biohumusa","publisher":{"@id":"https:\/\/gliste.ba\/ba\/#organization"},"potentialAction":[{"@type":"SearchAction","target":{"@type":"EntryPoint","urlTemplate":"https:\/\/gliste.ba\/ba\/?s={search_term_string}"},"query-input":{"@type":"PropertyValueSpecification","valueRequired":true,"valueName":"search_term_string"}}],"inLanguage":"en-US"},{"@type":"Organization","@id":"https:\/\/gliste.ba\/ba\/#organization","name":"Gliste.ba","url":"https:\/\/gliste.ba\/ba\/","logo":{"@type":"ImageObject","inLanguage":"en-US","@id":"https:\/\/gliste.ba\/ba\/#\/schema\/logo\/image\/","url":"https:\/\/gliste.ba\/wp-content\/uploads\/2024\/12\/Gliste-Ba-Logo-scaled.jpg","contentUrl":"https:\/\/gliste.ba\/wp-content\/uploads\/2024\/12\/Gliste-Ba-Logo-scaled.jpg","width":2407,"height":2560,"caption":"Gliste.ba"},"image":{"@id":"https:\/\/gliste.ba\/ba\/#\/schema\/logo\/image\/"},"sameAs":["https:\/\/www.facebook.com\/profile.php?id=61566583448028","https:\/\/x.com\/glisteba"]}]}},"_links":{"self":[{"href":"https:\/\/gliste.ba\/en\/wp-json\/wp\/v2\/product\/444","targetHints":{"allow":["GET"]}}],"collection":[{"href":"https:\/\/gliste.ba\/en\/wp-json\/wp\/v2\/product"}],"about":[{"href":"https:\/\/gliste.ba\/en\/wp-json\/wp\/v2\/types\/product"}],"wp:featuredmedia":[{"embeddable":true,"href":"https:\/\/gliste.ba\/en\/wp-json\/wp\/v2\/media\/1102"}],"wp:attachment":[{"href":"https:\/\/gliste.ba\/en\/wp-json\/wp\/v2\/media?parent=444"}],"wp:term":[{"taxonomy":"product_brand","embeddable":true,"href":"https:\/\/gliste.ba\/en\/wp-json\/wp\/v2\/product_brand?post=444"},{"taxonomy":"product_cat","embeddable":true,"href":"https:\/\/gliste.ba\/en\/wp-json\/wp\/v2\/product_cat?post=444"},{"taxonomy":"product_tag","embeddable":true,"href":"https:\/\/gliste.ba\/en\/wp-json\/wp\/v2\/product_tag?post=444"}],"curies":[{"name":"wp","href":"https:\/\/api.w.org\/{rel}","templated":true}]}}