{"id":448,"date":"2024-12-23T01:35:52","date_gmt":"2024-12-23T01:35:52","guid":{"rendered":"https:\/\/gliste.ba\/?post_type=product&#038;p=448"},"modified":"2026-03-24T20:04:41","modified_gmt":"2026-03-24T20:04:41","slug":"komposter","status":"publish","type":"product","link":"https:\/\/gliste.ba\/en\/product\/komposter\/","title":{"rendered":"Composter"},"content":{"rendered":"<p>A practical and functional composter that allows you to turn your organic waste into rich compost. Designed for ease of use, it is ideal for households and small gardens. Save money, reduce waste and produce your own organic fertilizer with our reliable composter!<\/p>","protected":false},"excerpt":{"rendered":"<p>A practical and functional composter that allows you to turn your organic waste into rich compost. Designed for ease of use, it is ideal for households and small gardens. Save money, reduce waste and produce your own organic fertilizer with our reliable composter!<\/p>","protected":false},"featured_media":1100,"template":"","meta":{"_acf_changed":false},"product_brand":[],"product_cat":[31],"product_tag":[],"class_list":{"0":"post-448","1":"product","2":"type-product","3":"status-publish","4":"has-post-thumbnail","6":"product_cat-praktican-i-funkcionalan-komposter-koji-vam-omogucava-da-svoj-organski-otpad-pretvorite-u-bogati-kompost","8":"first","9":"instock","10":"shipping-taxable","11":"purchasable","12":"product-type-simple"},"acf":[],"yoast_head":"<!-- This site is optimized with the Yoast SEO plugin v27.2 - https:\/\/yoast.com\/product\/yoast-seo-wordpress\/ -->\n<title>Komposter - Gliste.ba<\/title>\n<meta name=\"description\" content=\"Prakti\u010dan i funkcionalan komposter koji vam omogu\u0107ava da svoj organski otpad pretvorite u bogati kompost. Dizajniran za jednostavno kori\u0161tenje, idealan je za doma\u0107instva i male vrtove. U\u0161tedite novac, smanjite koli\u010dinu otpada i proizvedite vlastito organsko gnojivo s na\u0161im pouzdanim komposterom!\" \/>\n<meta name=\"robots\" content=\"index, follow, max-snippet:-1, max-image-preview:large, max-video-preview:-1\" \/>\n<link rel=\"canonical\" href=\"https:\/\/gliste.ba\/en\/product\/komposter\/\" \/>\n<meta property=\"og:locale\" content=\"en_US\" \/>\n<meta property=\"og:type\" content=\"article\" \/>\n<meta property=\"og:title\" content=\"Komposter - Gliste.ba\" \/>\n<meta property=\"og:description\" content=\"Prakti\u010dan i funkcionalan komposter koji vam omogu\u0107ava da svoj organski otpad pretvorite u bogati kompost. Dizajniran za jednostavno kori\u0161tenje, idealan je za doma\u0107instva i male vrtove. U\u0161tedite novac, smanjite koli\u010dinu otpada i proizvedite vlastito organsko gnojivo s na\u0161im pouzdanim komposterom!\" \/>\n<meta property=\"og:url\" content=\"https:\/\/gliste.ba\/en\/product\/komposter\/\" \/>\n<meta property=\"og:site_name\" content=\"Gliste.ba\" \/>\n<meta property=\"article:publisher\" content=\"https:\/\/www.facebook.com\/profile.php?id=61566583448028\" \/>\n<meta property=\"article:modified_time\" content=\"2026-03-24T20:04:41+00:00\" \/>\n<meta property=\"og:image\" content=\"https:\/\/gliste.ba\/wp-content\/uploads\/2024\/12\/Komposter-Gliste.ba_.webp\" \/>\n\t<meta property=\"og:image:width\" content=\"1080\" \/>\n\t<meta property=\"og:image:height\" content=\"1080\" \/>\n\t<meta property=\"og:image:type\" content=\"image\/webp\" \/>\n<meta name=\"twitter:card\" content=\"summary_large_image\" \/>\n<meta name=\"twitter:site\" content=\"@glisteba\" \/>\n<meta name=\"twitter:label1\" content=\"Est. reading time\" \/>\n\t<meta name=\"twitter:data1\" content=\"1 minute\" \/>\n<script type=\"application\/ld+json\" class=\"yoast-schema-graph\">{\"@context\":\"https:\/\/schema.org\",\"@graph\":[{\"@type\":\"WebPage\",\"@id\":\"https:\/\/gliste.ba\/product\/komposter\/\",\"url\":\"https:\/\/gliste.ba\/product\/komposter\/\",\"name\":\"Komposter - Gliste.ba\",\"isPartOf\":{\"@id\":\"https:\/\/gliste.ba\/ba\/#website\"},\"primaryImageOfPage\":{\"@id\":\"https:\/\/gliste.ba\/product\/komposter\/#primaryimage\"},\"image\":{\"@id\":\"https:\/\/gliste.ba\/product\/komposter\/#primaryimage\"},\"thumbnailUrl\":\"https:\/\/gliste.ba\/wp-content\/uploads\/2024\/12\/Komposter-Gliste.ba_.webp\",\"datePublished\":\"2024-12-23T01:35:52+00:00\",\"dateModified\":\"2026-03-24T20:04:41+00:00\",\"description\":\"Prakti\u010dan i funkcionalan komposter koji vam omogu\u0107ava da svoj organski otpad pretvorite u bogati kompost. Dizajniran za jednostavno kori\u0161tenje, idealan je za doma\u0107instva i male vrtove. U\u0161tedite novac, smanjite koli\u010dinu otpada i proizvedite vlastito organsko gnojivo s na\u0161im pouzdanim komposterom!\",\"breadcrumb\":{\"@id\":\"https:\/\/gliste.ba\/product\/komposter\/#breadcrumb\"},\"inLanguage\":\"en-US\",\"potentialAction\":[{\"@type\":\"ReadAction\",\"target\":[\"https:\/\/gliste.ba\/product\/komposter\/\"]}]},{\"@type\":\"ImageObject\",\"inLanguage\":\"en-US\",\"@id\":\"https:\/\/gliste.ba\/product\/komposter\/#primaryimage\",\"url\":\"https:\/\/gliste.ba\/wp-content\/uploads\/2024\/12\/Komposter-Gliste.ba_.webp\",\"contentUrl\":\"https:\/\/gliste.ba\/wp-content\/uploads\/2024\/12\/Komposter-Gliste.ba_.webp\",\"width\":1080,\"height\":1080,\"caption\":\"komposter\"},{\"@type\":\"BreadcrumbList\",\"@id\":\"https:\/\/gliste.ba\/product\/komposter\/#breadcrumb\",\"itemListElement\":[{\"@type\":\"ListItem\",\"position\":1,\"name\":\"Home\",\"item\":\"https:\/\/gliste.ba\/\"},{\"@type\":\"ListItem\",\"position\":2,\"name\":\"SHOP\",\"item\":\"https:\/\/gliste.ba\/web-prodavnica-2\/\"},{\"@type\":\"ListItem\",\"position\":3,\"name\":\"Komposter\"}]},{\"@type\":\"WebSite\",\"@id\":\"https:\/\/gliste.ba\/ba\/#website\",\"url\":\"https:\/\/gliste.ba\/ba\/\",\"name\":\"Gliste.ba\",\"description\":\"Proizvodnja i prodaja kalifornijskih glista i biohumusa\",\"publisher\":{\"@id\":\"https:\/\/gliste.ba\/ba\/#organization\"},\"potentialAction\":[{\"@type\":\"SearchAction\",\"target\":{\"@type\":\"EntryPoint\",\"urlTemplate\":\"https:\/\/gliste.ba\/ba\/?s={search_term_string}\"},\"query-input\":{\"@type\":\"PropertyValueSpecification\",\"valueRequired\":true,\"valueName\":\"search_term_string\"}}],\"inLanguage\":\"en-US\"},{\"@type\":\"Organization\",\"@id\":\"https:\/\/gliste.ba\/ba\/#organization\",\"name\":\"Gliste.ba\",\"url\":\"https:\/\/gliste.ba\/ba\/\",\"logo\":{\"@type\":\"ImageObject\",\"inLanguage\":\"en-US\",\"@id\":\"https:\/\/gliste.ba\/ba\/#\/schema\/logo\/image\/\",\"url\":\"https:\/\/gliste.ba\/wp-content\/uploads\/2024\/12\/Gliste-Ba-Logo-scaled.jpg\",\"contentUrl\":\"https:\/\/gliste.ba\/wp-content\/uploads\/2024\/12\/Gliste-Ba-Logo-scaled.jpg\",\"width\":2407,\"height\":2560,\"caption\":\"Gliste.ba\"},\"image\":{\"@id\":\"https:\/\/gliste.ba\/ba\/#\/schema\/logo\/image\/\"},\"sameAs\":[\"https:\/\/www.facebook.com\/profile.php?id=61566583448028\",\"https:\/\/x.com\/glisteba\"]}]}<\/script>\n<!-- \/ Yoast SEO plugin. -->","yoast_head_json":{"title":"Komposter - Gliste.ba","description":"A practical and functional composter that allows you to turn your organic waste into rich compost. Designed for ease of use, it is ideal for households and small gardens. Save money, reduce waste and produce your own organic fertilizer with our reliable composter!","robots":{"index":"index","follow":"follow","max-snippet":"max-snippet:-1","max-image-preview":"max-image-preview:large","max-video-preview":"max-video-preview:-1"},"canonical":"https:\/\/gliste.ba\/en\/product\/komposter\/","og_locale":"en_US","og_type":"article","og_title":"Komposter - Gliste.ba","og_description":"Prakti\u010dan i funkcionalan komposter koji vam omogu\u0107ava da svoj organski otpad pretvorite u bogati kompost. Dizajniran za jednostavno kori\u0161tenje, idealan je za doma\u0107instva i male vrtove. U\u0161tedite novac, smanjite koli\u010dinu otpada i proizvedite vlastito organsko gnojivo s na\u0161im pouzdanim komposterom!","og_url":"https:\/\/gliste.ba\/en\/product\/komposter\/","og_site_name":"Gliste.ba","article_publisher":"https:\/\/www.facebook.com\/profile.php?id=61566583448028","article_modified_time":"2026-03-24T20:04:41+00:00","og_image":[{"width":1080,"height":1080,"url":"https:\/\/gliste.ba\/wp-content\/uploads\/2024\/12\/Komposter-Gliste.ba_.webp","type":"image\/webp"}],"twitter_card":"summary_large_image","twitter_site":"@glisteba","twitter_misc":{"Est. reading time":"1 minute"},"schema":{"@context":"https:\/\/schema.org","@graph":[{"@type":"WebPage","@id":"https:\/\/gliste.ba\/product\/komposter\/","url":"https:\/\/gliste.ba\/product\/komposter\/","name":"Komposter - Gliste.ba","isPartOf":{"@id":"https:\/\/gliste.ba\/ba\/#website"},"primaryImageOfPage":{"@id":"https:\/\/gliste.ba\/product\/komposter\/#primaryimage"},"image":{"@id":"https:\/\/gliste.ba\/product\/komposter\/#primaryimage"},"thumbnailUrl":"https:\/\/gliste.ba\/wp-content\/uploads\/2024\/12\/Komposter-Gliste.ba_.webp","datePublished":"2024-12-23T01:35:52+00:00","dateModified":"2026-03-24T20:04:41+00:00","description":"A practical and functional composter that allows you to turn your organic waste into rich compost. Designed for ease of use, it is ideal for households and small gardens. Save money, reduce waste and produce your own organic fertilizer with our reliable composter!","breadcrumb":{"@id":"https:\/\/gliste.ba\/product\/komposter\/#breadcrumb"},"inLanguage":"en-US","potentialAction":[{"@type":"ReadAction","target":["https:\/\/gliste.ba\/product\/komposter\/"]}]},{"@type":"ImageObject","inLanguage":"en-US","@id":"https:\/\/gliste.ba\/product\/komposter\/#primaryimage","url":"https:\/\/gliste.ba\/wp-content\/uploads\/2024\/12\/Komposter-Gliste.ba_.webp","contentUrl":"https:\/\/gliste.ba\/wp-content\/uploads\/2024\/12\/Komposter-Gliste.ba_.webp","width":1080,"height":1080,"caption":"komposter"},{"@type":"BreadcrumbList","@id":"https:\/\/gliste.ba\/product\/komposter\/#breadcrumb","itemListElement":[{"@type":"ListItem","position":1,"name":"Home","item":"https:\/\/gliste.ba\/"},{"@type":"ListItem","position":2,"name":"SHOP","item":"https:\/\/gliste.ba\/web-prodavnica-2\/"},{"@type":"ListItem","position":3,"name":"Komposter"}]},{"@type":"WebSite","@id":"https:\/\/gliste.ba\/ba\/#website","url":"https:\/\/gliste.ba\/ba\/","name":"Gliste.ba","description":"Proizvodnja i prodaja kalifornijskih glista i biohumusa","publisher":{"@id":"https:\/\/gliste.ba\/ba\/#organization"},"potentialAction":[{"@type":"SearchAction","target":{"@type":"EntryPoint","urlTemplate":"https:\/\/gliste.ba\/ba\/?s={search_term_string}"},"query-input":{"@type":"PropertyValueSpecification","valueRequired":true,"valueName":"search_term_string"}}],"inLanguage":"en-US"},{"@type":"Organization","@id":"https:\/\/gliste.ba\/ba\/#organization","name":"Gliste.ba","url":"https:\/\/gliste.ba\/ba\/","logo":{"@type":"ImageObject","inLanguage":"en-US","@id":"https:\/\/gliste.ba\/ba\/#\/schema\/logo\/image\/","url":"https:\/\/gliste.ba\/wp-content\/uploads\/2024\/12\/Gliste-Ba-Logo-scaled.jpg","contentUrl":"https:\/\/gliste.ba\/wp-content\/uploads\/2024\/12\/Gliste-Ba-Logo-scaled.jpg","width":2407,"height":2560,"caption":"Gliste.ba"},"image":{"@id":"https:\/\/gliste.ba\/ba\/#\/schema\/logo\/image\/"},"sameAs":["https:\/\/www.facebook.com\/profile.php?id=61566583448028","https:\/\/x.com\/glisteba"]}]}},"_links":{"self":[{"href":"https:\/\/gliste.ba\/en\/wp-json\/wp\/v2\/product\/448","targetHints":{"allow":["GET"]}}],"collection":[{"href":"https:\/\/gliste.ba\/en\/wp-json\/wp\/v2\/product"}],"about":[{"href":"https:\/\/gliste.ba\/en\/wp-json\/wp\/v2\/types\/product"}],"wp:featuredmedia":[{"embeddable":true,"href":"https:\/\/gliste.ba\/en\/wp-json\/wp\/v2\/media\/1100"}],"wp:attachment":[{"href":"https:\/\/gliste.ba\/en\/wp-json\/wp\/v2\/media?parent=448"}],"wp:term":[{"taxonomy":"product_brand","embeddable":true,"href":"https:\/\/gliste.ba\/en\/wp-json\/wp\/v2\/product_brand?post=448"},{"taxonomy":"product_cat","embeddable":true,"href":"https:\/\/gliste.ba\/en\/wp-json\/wp\/v2\/product_cat?post=448"},{"taxonomy":"product_tag","embeddable":true,"href":"https:\/\/gliste.ba\/en\/wp-json\/wp\/v2\/product_tag?post=448"}],"curies":[{"name":"wp","href":"https:\/\/api.w.org\/{rel}","templated":true}]}}